{"id":459,"date":"2024-01-18T22:52:21","date_gmt":"2024-01-18T22:52:21","guid":{"rendered":"https:\/\/zirveicecek.com\/?page_id=459"},"modified":"2024-04-29T09:46:14","modified_gmt":"2024-04-29T06:46:14","slug":"iletisime-gecin","status":"publish","type":"page","link":"https:\/\/zirveicecek.com\/en\/iletisime-gecin","title":{"rendered":"Contact Us"},"content":{"rendered":"<p><iframe loading=\"lazy\" src=\"https:\/\/www.google.com\/maps\/embed?pb=!1m18!1m12!1m3!1d3178.915568079757!2d37.349498576303!3d37.178477446284205!2m3!1f0!2f0!3f0!3m2!1i1024!2i768!4f13.1!3m3!1m2!1s0x1531e318cc74ed3d%3A0x60128b8066c6131c!2zWmlydmUgxLDDp2VjZWs!5e0!3m2!1str!2str!4v1714031891337!5m2!1str!2str\" width=\"750\" height=\"300\" allowfullscreen=\"allowfullscreen\"><\/iframe><\/p>\n\t\t\n\t\t\t<p><strong>Adress:<\/strong>\u00a05. Organize Sanayi B\u00f6lgesi 83561, Nolu Cd No:18, 27620 \u015eehitkamil<\/p>\t\t\n\t\t\n\t\t\t<p><strong>Phone:\u00a0<\/strong><a href=\"tel:03423379535\">(0342) 337 95 35\u00a0<\/a><strong>Phone:\u00a0<\/strong><a href=\"tel:03423379537\">(0342) 337 95 37<\/a><\/p>\t\t\n\t\t\n\t\t\t<p><b>E-mail: <\/b>info@zirveicecek.com<\/p>\t\t\n\t\t\n\t\t\t<p><b>Weekdays: <\/b>08.00 &#8211; 20.00<b>Weekend: <\/b>08.00 &#8211; 18.30<\/p>\t\t\n\t\t\t<h3>Fill in the Form<\/h3>\n\t\t\t\t<p>You can use this form to contact us. We will get back to you as soon as possible.<\/p>\n    <form id=\"wpforms-form-1096\" data-formid=\"1096\" method=\"post\" enctype=\"multipart\/form-data\" action=\"https:\/\/zirveicecek.com\/en\/iletisime-gecin\/\" data-token=\"5fb724a825ef8b2692814b9ac76ee0b2\" data-token-time=\"1714373174\" data-trp-original-action=\"\/?page_id=459&#038;fl_builder\">Bize Ula\u015f\u0131nBu formu bitirebilmek i\u00e7in taray\u0131c\u0131n\u0131zda JavaScript&#039;i etkinle\u015ftirin.Bu formu bitirebilmek i\u00e7in taray\u0131c\u0131n\u0131zda JavaScript&#039;i etkinle\u015ftirin.<label for=\"wpforms-1096-field_0\">\u0130sim Soyisim *<\/label><input type=\"text\" id=\"wpforms-1096-field_0\" name=\"wpforms[fields][0]\" aria-errormessage=\"wpforms-1096-field_0-error\" required><label for=\"wpforms-1096-field_1\">E-posta *<\/label><input type=\"email\" id=\"wpforms-1096-field_1\" name=\"wpforms[fields][1]\" spellcheck=\"false\" aria-errormessage=\"wpforms-1096-field_1-error\" required><label for=\"wpforms-1096-field_2\">Message<\/label><textarea id=\"wpforms-1096-field_2\" name=\"wpforms[fields][2]\" aria-errormessage=\"wpforms-1096-field_2-error\"><\/textarea><!-- .wpforms-field-container --><input type=\"hidden\" name=\"wpforms[id]\" value=\"1096\"\/>\t\t\t<input type=\"hidden\"\n\t\t\t\tname=\"wpforms[nonce]\"\n\t\t\t\tvalue=\"fba2c3faca\"\n\t\t\t\/>\n\t\t\t<input type=\"hidden\" name=\"page_title\" value=\"\u0130leti\u015fime Ge\u00e7in\"\/><input type=\"hidden\" name=\"page_url\" value=\"https:\/\/zirveicecek.com\/?page_id=459&#038;fl_builder\"\/><input type=\"hidden\" name=\"page_id\" value=\"459\"\/><input type=\"hidden\" name=\"wpforms[post_id]\" value=\"459\"\/><button type=\"submit\" name=\"wpforms[submit]\" id=\"wpforms-submit-1096\" data-alt-text=\"G\u00f6nderiliyor...\" data-submit-text=\"G\u00f6nder\" aria-live=\"assertive\" value=\"wpforms-submit\">Send<\/button><img loading=\"lazy\" decoding=\"async\" src=\"https:\/\/zirveicecek.com\/wp-content\/plugins\/wpforms-lite\/assets\/images\/submit-spin.svg\" width=\"26\" height=\"26\" alt=\"Y\u00fckleniyor\"\/><input type=\"hidden\" name=\"trp-form-language\" value=\"en\"\/><\/form>  <!-- .wpforms-container -->\n\t\t\t\t<img loading=\"lazy\" decoding=\"async\" src=\"https:\/\/zirveicecek.com\/wp-content\/uploads\/2024\/04\/logo.svg\" alt=\"logo\" itemprop=\"image\" height=\"231\" width=\"384\" title=\"logo\" onerror=\"this.style.display='none'\"  \/>\n\t\t<link itemprop=\"url\" href=\"https:\/\/zirveicecek.com\"\/>\n\t\t<a itemprop=\"sameAs\" href=\"\" target=\"_self\" title=\"\" aria-label=\"\" role=\"button\" rel=\"noopener\">\n\t\t\t\t\t<\/a>\n\t\t<link itemprop=\"url\" href=\"https:\/\/zirveicecek.com\"\/>\n\t\t<a itemprop=\"sameAs\" href=\"\" target=\"_self\" title=\"\" aria-label=\"\" role=\"button\" rel=\"noopener\">\n\t\t\t\t\t<\/a>\n\t\t<link itemprop=\"url\" href=\"https:\/\/zirveicecek.com\"\/>\n\t\t<a itemprop=\"sameAs\" href=\"\" target=\"_self\" title=\"\" aria-label=\"\" role=\"button\" rel=\"noopener\">\n\t\t\t\t\t<\/a>\n\t\t\t\t<img loading=\"lazy\" decoding=\"async\" src=\"https:\/\/zirveicecek.com\/wp-content\/uploads\/2024\/04\/rana-1.png\" alt=\"rana (1)\" itemprop=\"image\" height=\"300\" width=\"300\" title=\"rana (1)\" onerror=\"this.style.display='none'\"  \/>\n\t\t\t\t<img loading=\"lazy\" decoding=\"async\" src=\"https:\/\/zirveicecek.com\/wp-content\/uploads\/2024\/04\/copico_2.png\" alt=\"copico_2\" itemprop=\"image\" height=\"549\" width=\"549\" title=\"copico_2\" onerror=\"this.style.display='none'\"  \/>\n\t\t\t\t<img loading=\"lazy\" decoding=\"async\" src=\"https:\/\/zirveicecek.com\/wp-content\/uploads\/2024\/04\/cudy.png\" alt=\"cudy\" itemprop=\"image\" height=\"300\" width=\"300\" title=\"cudy\" onerror=\"this.style.display='none'\"  \/>","protected":false},"excerpt":{"rendered":"<p>Adres:\u00a05. Organize Sanayi B\u00f6lgesi 83561, &hellip;<\/p>\n<p class=\"read-more\"> <a class=\"\" href=\"https:\/\/zirveicecek.com\/en\/iletisime-gecin\"> <span class=\"screen-reader-text\">Contact Us<\/span> Read More \u00bb<\/a><\/p>","protected":false},"author":1,"featured_media":0,"parent":0,"menu_order":0,"comment_status":"closed","ping_status":"closed","template":"","meta":{"site-sidebar-layout":"no-sidebar","site-content-layout":"page-builder","ast-site-content-layout":"default","site-content-style":"default","site-sidebar-style":"default","ast-global-header-display":"","ast-banner-title-visibility":"","ast-main-header-display":"","ast-hfb-above-header-display":"","ast-hfb-below-header-display":"","ast-hfb-mobile-header-display":"","site-post-title":"disabled","ast-breadcrumbs-content":"","ast-featured-img":"disabled","footer-sml-layout":"","theme-transparent-header-meta":"default","adv-header-id-meta":"","stick-header-meta":"default","header-above-stick-meta":"","header-main-stick-meta":"","header-below-stick-meta":"","astra-migrate-meta-layouts":"set","ast-page-background-enabled":"default","ast-page-background-meta":{"desktop":{"background-color":"var(--ast-global-color-4)","background-image":"","background-repeat":"repeat","background-position":"center center","background-size":"auto","background-attachment":"scroll","background-type":"","background-media":"","overlay-type":"","overlay-color":"","overlay-gradient":""},"tablet":{"background-color":"","background-image":"","background-repeat":"repeat","background-position":"center center","background-size":"auto","background-attachment":"scroll","background-type":"","background-media":"","overlay-type":"","overlay-color":"","overlay-gradient":""},"mobile":{"background-color":"","background-image":"","background-repeat":"repeat","background-position":"center center","background-size":"auto","background-attachment":"scroll","background-type":"","background-media":"","overlay-type":"","overlay-color":"","overlay-gradient":""}},"ast-content-background-meta":{"desktop":{"background-color":"var(--ast-global-color-5)","background-image":"","background-repeat":"repeat","background-position":"center center","background-size":"auto","background-attachment":"scroll","background-type":"","background-media":"","overlay-type":"","overlay-color":"","overlay-gradient":""},"tablet":{"background-color":"var(--ast-global-color-5)","background-image":"","background-repeat":"repeat","background-position":"center center","background-size":"auto","background-attachment":"scroll","background-type":"","background-media":"","overlay-type":"","overlay-color":"","overlay-gradient":""},"mobile":{"background-color":"var(--ast-global-color-5)","background-image":"","background-repeat":"repeat","background-position":"center center","background-size":"auto","background-attachment":"scroll","background-type":"","background-media":"","overlay-type":"","overlay-color":"","overlay-gradient":""}},"footnotes":""},"class_list":["post-459","page","type-page","status-publish","hentry"],"acf":[],"_links":{"self":[{"href":"https:\/\/zirveicecek.com\/en\/wp-json\/wp\/v2\/pages\/459","targetHints":{"allow":["GET"]}}],"collection":[{"href":"https:\/\/zirveicecek.com\/en\/wp-json\/wp\/v2\/pages"}],"about":[{"href":"https:\/\/zirveicecek.com\/en\/wp-json\/wp\/v2\/types\/page"}],"author":[{"embeddable":true,"href":"https:\/\/zirveicecek.com\/en\/wp-json\/wp\/v2\/users\/1"}],"replies":[{"embeddable":true,"href":"https:\/\/zirveicecek.com\/en\/wp-json\/wp\/v2\/comments?post=459"}],"version-history":[{"count":15,"href":"https:\/\/zirveicecek.com\/en\/wp-json\/wp\/v2\/pages\/459\/revisions"}],"predecessor-version":[{"id":1108,"href":"https:\/\/zirveicecek.com\/en\/wp-json\/wp\/v2\/pages\/459\/revisions\/1108"}],"wp:attachment":[{"href":"https:\/\/zirveicecek.com\/en\/wp-json\/wp\/v2\/media?parent=459"}],"curies":[{"name":"wp","href":"https:\/\/api.w.org\/{rel}","templated":true}]}}