{"id":452,"date":"2024-01-18T22:22:06","date_gmt":"2024-01-18T22:22:06","guid":{"rendered":"https:\/\/zirveicecek.com\/?page_id=452"},"modified":"2024-04-24T15:26:14","modified_gmt":"2024-04-24T12:26:14","slug":"iceceklerimiz","status":"publish","type":"page","link":"https:\/\/zirveicecek.com\/en\/iceceklerimiz","title":{"rendered":"Our Drinks"},"content":{"rendered":"<p><strong>Zirve Beverage Food Industry and Trade. Ltd. Sti.<\/strong> we offer fresh and flavorful drinks with brands such as Copico, Cudy and Movita. Each of our brands is known for its healthy and refreshing drinks made with the highest quality and natural ingredients. With innovative recipes and a variety of flavors, we cater to every palate. Now you can enjoy our brands <strong>discover their delicious drinks <\/strong>and <strong>do\u011fadan gelen lezzetin keyfini \u00e7\u0131kar\u0131n!<\/strong><\/p>\n\t<meta itemscope itemprop=\"mainEntityOfPage\" itemtype=\"https:\/\/schema.org\/WebPage\" itemid=\"http:\/\/908\" content=\"Movita\" \/><meta itemprop=\"datePublished\" content=\"2024-04-23\" \/><meta itemprop=\"dateModified\" content=\"2024-04-24\" \/><meta itemprop=\"name\" content=\"Zirve \u0130\u00e7ecek\"\/><meta itemprop=\"url\" content=\"https:\/\/zirveicecek.com\/wp-content\/uploads\/2024\/04\/logo.svg\"\/><meta itemprop=\"url\" content=\"https:\/\/zirveicecek.com\/author\/ali\" \/><meta itemprop=\"name\" content=\"Ali Bard\u0131z\" \/><meta itemprop=\"url\" content=\"https:\/\/zirveicecek.com\/wp-content\/uploads\/2024\/04\/MotivaKokteyl-scaled.jpg\" \/><meta itemprop=\"width\" content=\"1956\" \/><meta itemprop=\"height\" content=\"2560\" \/><meta itemprop=\"interactionType\" content=\"https:\/\/schema.org\/CommentAction\" \/><meta itemprop=\"userInteractionCount\" content=\"0\" \/>\n\t\t\t\t\t<a href=\"https:\/\/zirveicecek.com\/en\/iceceklerimiz\/movita\/\" title=\"Movita\"><\/a>\n\t\t\t\t<img loading=\"lazy\" decoding=\"async\" src=\"https:\/\/zirveicecek.com\/wp-content\/uploads\/2024\/04\/MotivaKokteyl-scaled.jpg\" alt=\"MotivaKokteyl\" itemprop=\"image\" data-no-lazy=\"1\" height=\"2560\" width=\"1956\" title=\"MotivaKokteyl\" onerror=\"this.style.display='none'\"  \/>\n\t\t\t\t\t\t\t\t\t<h3 itemprop=\"headline\">\n\t\t\t\t\t\t\t\t\t\t\t\t\t\tMovita\t\t\t\t\t\t\t\t\t\t\t<\/h3>\n\t<meta itemscope itemprop=\"mainEntityOfPage\" itemtype=\"https:\/\/schema.org\/WebPage\" itemid=\"http:\/\/906\" content=\"Cudy\" \/><meta itemprop=\"datePublished\" content=\"2024-04-23\" \/><meta itemprop=\"dateModified\" content=\"2024-04-24\" \/><meta itemprop=\"name\" content=\"Zirve \u0130\u00e7ecek\"\/><meta itemprop=\"url\" content=\"https:\/\/zirveicecek.com\/wp-content\/uploads\/2024\/04\/logo.svg\"\/><meta itemprop=\"url\" content=\"https:\/\/zirveicecek.com\/author\/ali\" \/><meta itemprop=\"name\" content=\"Ali Bard\u0131z\" \/><meta itemprop=\"url\" content=\"https:\/\/zirveicecek.com\/wp-content\/uploads\/2024\/04\/SEFTALIPortakalCudy-scaled.jpg\" \/><meta itemprop=\"width\" content=\"1956\" \/><meta itemprop=\"height\" content=\"2560\" \/><meta itemprop=\"interactionType\" content=\"https:\/\/schema.org\/CommentAction\" \/><meta itemprop=\"userInteractionCount\" content=\"0\" \/>\n\t\t\t\t\t<a href=\"https:\/\/zirveicecek.com\/en\/iceceklerimiz\/cudy\/\" title=\"Cudy\"><\/a>\n\t\t\t\t<img loading=\"lazy\" decoding=\"async\" src=\"https:\/\/zirveicecek.com\/wp-content\/uploads\/2024\/04\/SEFTALIPortakalCudy-scaled.jpg\" alt=\"SEFTALIPortakalCudy\" itemprop=\"image\" data-no-lazy=\"1\" height=\"2560\" width=\"1956\" title=\"SEFTALIPortakalCudy\" onerror=\"this.style.display='none'\"  \/>\n\t\t\t\t\t\t\t\t\t<h3 itemprop=\"headline\">\n\t\t\t\t\t\t\t\t\t\t\t\t\t\tCudy\t\t\t\t\t\t\t\t\t\t\t<\/h3>\n\t<meta itemscope itemprop=\"mainEntityOfPage\" itemtype=\"https:\/\/schema.org\/WebPage\" itemid=\"http:\/\/904\" content=\"Copico\" \/><meta itemprop=\"datePublished\" content=\"2024-04-23\" \/><meta itemprop=\"dateModified\" content=\"2024-04-24\" \/><meta itemprop=\"name\" content=\"Zirve \u0130\u00e7ecek\"\/><meta itemprop=\"url\" content=\"https:\/\/zirveicecek.com\/wp-content\/uploads\/2024\/04\/logo.svg\"\/><meta itemprop=\"url\" content=\"https:\/\/zirveicecek.com\/author\/ali\" \/><meta itemprop=\"name\" content=\"Ali Bard\u0131z\" \/><meta itemprop=\"url\" content=\"https:\/\/zirveicecek.com\/wp-content\/uploads\/2024\/04\/SEFTALICOPICO-scaled.jpg\" \/><meta itemprop=\"width\" content=\"1956\" \/><meta itemprop=\"height\" content=\"2560\" \/><meta itemprop=\"interactionType\" content=\"https:\/\/schema.org\/CommentAction\" \/><meta itemprop=\"userInteractionCount\" content=\"0\" \/>\n\t\t\t\t\t<a href=\"https:\/\/zirveicecek.com\/en\/iceceklerimiz\/copico\/\" title=\"Copico\"><\/a>\n\t\t\t\t<img loading=\"lazy\" decoding=\"async\" src=\"https:\/\/zirveicecek.com\/wp-content\/uploads\/2024\/04\/SEFTALICOPICO-scaled.jpg\" alt=\"SEFTALICOPI\u0307CO\" itemprop=\"image\" data-no-lazy=\"1\" height=\"2560\" width=\"1956\" title=\"SEFTALICOPI\u0307CO\" onerror=\"this.style.display='none'\"  \/>\n\t\t\t\t\t\t\t\t\t<h3 itemprop=\"headline\">\n\t\t\t\t\t\t\t\t\t\t\t\t\t\tCopico\t\t\t\t\t\t\t\t\t\t\t<\/h3>\n\t\t<!-- .pp-content-posts -->\n\t\t\t\t<img loading=\"lazy\" decoding=\"async\" src=\"https:\/\/zirveicecek.com\/wp-content\/uploads\/2024\/04\/logo.svg\" alt=\"logo\" itemprop=\"image\" height=\"231\" width=\"384\" title=\"logo\" onerror=\"this.style.display='none'\"  \/>\n\t\t<link itemprop=\"url\" href=\"https:\/\/zirveicecek.com\"\/>\n\t\t<a itemprop=\"sameAs\" href=\"\" target=\"_self\" title=\"\" aria-label=\"\" role=\"button\" rel=\"noopener\">\n\t\t\t\t\t<\/a>\n\t\t<link itemprop=\"url\" href=\"https:\/\/zirveicecek.com\"\/>\n\t\t<a itemprop=\"sameAs\" href=\"\" target=\"_self\" title=\"\" aria-label=\"\" role=\"button\" rel=\"noopener\">\n\t\t\t\t\t<\/a>\n\t\t<link itemprop=\"url\" href=\"https:\/\/zirveicecek.com\"\/>\n\t\t<a itemprop=\"sameAs\" href=\"\" target=\"_self\" title=\"\" aria-label=\"\" role=\"button\" rel=\"noopener\">\n\t\t\t\t\t<\/a>\n\t\t\t\t<img loading=\"lazy\" decoding=\"async\" src=\"https:\/\/zirveicecek.com\/wp-content\/uploads\/2024\/04\/rana-1.png\" alt=\"rana (1)\" itemprop=\"image\" height=\"300\" width=\"300\" title=\"rana (1)\" onerror=\"this.style.display='none'\"  \/>\n\t\t\t\t<img loading=\"lazy\" decoding=\"async\" src=\"https:\/\/zirveicecek.com\/wp-content\/uploads\/2024\/04\/copico_2.png\" alt=\"copico_2\" itemprop=\"image\" height=\"549\" width=\"549\" title=\"copico_2\" onerror=\"this.style.display='none'\"  \/>\n\t\t\t\t<img loading=\"lazy\" decoding=\"async\" src=\"https:\/\/zirveicecek.com\/wp-content\/uploads\/2024\/04\/cudy.png\" alt=\"cudy\" itemprop=\"image\" height=\"300\" width=\"300\" title=\"cudy\" onerror=\"this.style.display='none'\"  \/>","protected":false},"excerpt":{"rendered":"<p>Zirve \u0130\u00e7ecek G\u0131da Sanayi ve &hellip;<\/p>\n<p class=\"read-more\"> <a class=\"\" href=\"https:\/\/zirveicecek.com\/en\/iceceklerimiz\"> <span class=\"screen-reader-text\">Our Drinks<\/span> Read More \u00bb<\/a><\/p>","protected":false},"author":1,"featured_media":0,"parent":0,"menu_order":0,"comment_status":"closed","ping_status":"closed","template":"","meta":{"site-sidebar-layout":"no-sidebar","site-content-layout":"page-builder","ast-site-content-layout":"default","site-content-style":"default","site-sidebar-style":"default","ast-global-header-display":"","ast-banner-title-visibility":"","ast-main-header-display":"","ast-hfb-above-header-display":"","ast-hfb-below-header-display":"","ast-hfb-mobile-header-display":"","site-post-title":"disabled","ast-breadcrumbs-content":"","ast-featured-img":"disabled","footer-sml-layout":"","theme-transparent-header-meta":"default","adv-header-id-meta":"","stick-header-meta":"default","header-above-stick-meta":"","header-main-stick-meta":"","header-below-stick-meta":"","astra-migrate-meta-layouts":"set","ast-page-background-enabled":"default","ast-page-background-meta":{"desktop":{"background-color":"var(--ast-global-color-4)","background-image":"","background-repeat":"repeat","background-position":"center center","background-size":"auto","background-attachment":"scroll","background-type":"","background-media":"","overlay-type":"","overlay-color":"","overlay-gradient":""},"tablet":{"background-color":"","background-image":"","background-repeat":"repeat","background-position":"center center","background-size":"auto","background-attachment":"scroll","background-type":"","background-media":"","overlay-type":"","overlay-color":"","overlay-gradient":""},"mobile":{"background-color":"","background-image":"","background-repeat":"repeat","background-position":"center center","background-size":"auto","background-attachment":"scroll","background-type":"","background-media":"","overlay-type":"","overlay-color":"","overlay-gradient":""}},"ast-content-background-meta":{"desktop":{"background-color":"var(--ast-global-color-5)","background-image":"","background-repeat":"repeat","background-position":"center center","background-size":"auto","background-attachment":"scroll","background-type":"","background-media":"","overlay-type":"","overlay-color":"","overlay-gradient":""},"tablet":{"background-color":"var(--ast-global-color-5)","background-image":"","background-repeat":"repeat","background-position":"center center","background-size":"auto","background-attachment":"scroll","background-type":"","background-media":"","overlay-type":"","overlay-color":"","overlay-gradient":""},"mobile":{"background-color":"var(--ast-global-color-5)","background-image":"","background-repeat":"repeat","background-position":"center center","background-size":"auto","background-attachment":"scroll","background-type":"","background-media":"","overlay-type":"","overlay-color":"","overlay-gradient":""}},"footnotes":""},"class_list":["post-452","page","type-page","status-publish","hentry"],"acf":[],"_links":{"self":[{"href":"https:\/\/zirveicecek.com\/en\/wp-json\/wp\/v2\/pages\/452","targetHints":{"allow":["GET"]}}],"collection":[{"href":"https:\/\/zirveicecek.com\/en\/wp-json\/wp\/v2\/pages"}],"about":[{"href":"https:\/\/zirveicecek.com\/en\/wp-json\/wp\/v2\/types\/page"}],"author":[{"embeddable":true,"href":"https:\/\/zirveicecek.com\/en\/wp-json\/wp\/v2\/users\/1"}],"replies":[{"embeddable":true,"href":"https:\/\/zirveicecek.com\/en\/wp-json\/wp\/v2\/comments?post=452"}],"version-history":[{"count":13,"href":"https:\/\/zirveicecek.com\/en\/wp-json\/wp\/v2\/pages\/452\/revisions"}],"predecessor-version":[{"id":1002,"href":"https:\/\/zirveicecek.com\/en\/wp-json\/wp\/v2\/pages\/452\/revisions\/1002"}],"wp:attachment":[{"href":"https:\/\/zirveicecek.com\/en\/wp-json\/wp\/v2\/media?parent=452"}],"curies":[{"name":"wp","href":"https:\/\/api.w.org\/{rel}","templated":true}]}}