{"id":906,"date":"2024-04-23T20:24:42","date_gmt":"2024-04-23T17:24:42","guid":{"rendered":"https:\/\/zirveicecek.com\/?page_id=906"},"modified":"2024-06-27T10:08:47","modified_gmt":"2024-06-27T07:08:47","slug":"cudy","status":"publish","type":"page","link":"https:\/\/zirveicecek.com\/ar\/iceceklerimiz\/cudy","title":{"rendered":"CUDY"},"content":{"rendered":"<meta itemscope itemprop=\"mainEntityOfPage\" itemtype=\"https:\/\/schema.org\/WebPage\" itemid=\"http:\/\/1212\" content=\"Cudy Kiraz Meyve Suyu\" \/><meta itemprop=\"datePublished\" content=\"2024-05-01\" \/><meta itemprop=\"dateModified\" content=\"2024-05-01\" \/><meta itemprop=\"name\" content=\"Zirve \u0130\u00e7ecek\"\/><meta itemprop=\"url\" content=\"https:\/\/zirveicecek.com\/wp-content\/uploads\/2024\/04\/logo.svg\"\/><meta itemprop=\"url\" content=\"https:\/\/zirveicecek.com\/author\/ali\" \/><meta itemprop=\"name\" content=\"Ali Bard\u0131z\" \/><meta itemprop=\"url\" content=\"https:\/\/zirveicecek.com\/wp-content\/uploads\/2024\/04\/Adsiz-tasarim-19.png\" \/><meta itemprop=\"width\" content=\"300\" \/><meta itemprop=\"height\" content=\"400\" \/><meta itemprop=\"interactionType\" content=\"https:\/\/schema.org\/CommentAction\" \/><meta itemprop=\"userInteractionCount\" content=\"0\" \/>\n\t\t\t\t\t<a href=\"https:\/\/zirveicecek.com\/ar\/cudy-kiraz-meyve-suyu\/\" title=\"Cudy Kiraz Meyve Suyu\"><\/a>\n\t\t\t\t<img loading=\"lazy\" decoding=\"async\" src=\"https:\/\/zirveicecek.com\/wp-content\/uploads\/2024\/04\/Adsiz-tasarim-19.png\" alt=\"Kiraz Meyve Suyu\" itemprop=\"image\" data-no-lazy=\"1\" height=\"400\" width=\"300\" title=\"Kiraz Meyve Suyu\" onerror=\"this.style.display='none'\"  \/>\n\t\t\t\t\t\t\t\t\t<h3 itemprop=\"headline\">\n\t\t\t\t\t\t\t\t\t\t\t\t\t\tCudy Kiraz Meyve Suyu\t\t\t\t\t\t\t\t\t\t\t<\/h3>\n\t<meta itemscope itemprop=\"mainEntityOfPage\" itemtype=\"https:\/\/schema.org\/WebPage\" itemid=\"http:\/\/1213\" content=\"Cudy Ananas Meyve Suyu\" \/><meta itemprop=\"datePublished\" content=\"2024-05-01\" \/><meta itemprop=\"dateModified\" content=\"2024-05-01\" \/><meta itemprop=\"name\" content=\"Zirve \u0130\u00e7ecek\"\/><meta itemprop=\"url\" content=\"https:\/\/zirveicecek.com\/wp-content\/uploads\/2024\/04\/logo.svg\"\/><meta itemprop=\"url\" content=\"https:\/\/zirveicecek.com\/author\/ali\" \/><meta itemprop=\"name\" content=\"Ali Bard\u0131z\" \/><meta itemprop=\"url\" content=\"https:\/\/zirveicecek.com\/wp-content\/uploads\/2024\/04\/Adsiz-tasarim-20.png\" \/><meta itemprop=\"width\" content=\"300\" \/><meta itemprop=\"height\" content=\"400\" \/><meta itemprop=\"interactionType\" content=\"https:\/\/schema.org\/CommentAction\" \/><meta itemprop=\"userInteractionCount\" content=\"0\" \/>\n\t\t\t\t\t<a href=\"https:\/\/zirveicecek.com\/ar\/cudy-ananas-meyve-suyu\/\" title=\"Cudy Ananas Meyve Suyu\"><\/a>\n\t\t\t\t<img loading=\"lazy\" decoding=\"async\" src=\"https:\/\/zirveicecek.com\/wp-content\/uploads\/2024\/04\/Adsiz-tasarim-20.png\" alt=\"Ananas Meyve Suyu\" itemprop=\"image\" data-no-lazy=\"1\" height=\"400\" width=\"300\" title=\"Ananas Meyve Suyu\" onerror=\"this.style.display='none'\"  \/>\n\t\t\t\t\t\t\t\t\t<h3 itemprop=\"headline\">\n\t\t\t\t\t\t\t\t\t\t\t\t\t\tCudy Ananas Meyve Suyu\t\t\t\t\t\t\t\t\t\t\t<\/h3>\n\t<meta itemscope itemprop=\"mainEntityOfPage\" itemtype=\"https:\/\/schema.org\/WebPage\" itemid=\"http:\/\/1214\" content=\"Cudy Mango Meyve Suyu\" \/><meta itemprop=\"datePublished\" content=\"2024-05-01\" \/><meta itemprop=\"dateModified\" content=\"2024-05-01\" \/><meta itemprop=\"name\" content=\"Zirve \u0130\u00e7ecek\"\/><meta itemprop=\"url\" content=\"https:\/\/zirveicecek.com\/wp-content\/uploads\/2024\/04\/logo.svg\"\/><meta itemprop=\"url\" content=\"https:\/\/zirveicecek.com\/author\/ali\" \/><meta itemprop=\"name\" content=\"Ali Bard\u0131z\" \/><meta itemprop=\"url\" content=\"https:\/\/zirveicecek.com\/wp-content\/uploads\/2024\/04\/Adsiz-tasarim-18.png\" \/><meta itemprop=\"width\" content=\"300\" \/><meta itemprop=\"height\" content=\"400\" \/><meta itemprop=\"interactionType\" content=\"https:\/\/schema.org\/CommentAction\" \/><meta itemprop=\"userInteractionCount\" content=\"0\" \/>\n\t\t\t\t\t<a href=\"https:\/\/zirveicecek.com\/ar\/cudy-mango-meyve-suyu\/\" title=\"Cudy Mango Meyve Suyu\"><\/a>\n\t\t\t\t<img loading=\"lazy\" decoding=\"async\" src=\"https:\/\/zirveicecek.com\/wp-content\/uploads\/2024\/04\/Adsiz-tasarim-18.png\" alt=\"Mango Meyve Suyu\" itemprop=\"image\" data-no-lazy=\"1\" height=\"400\" width=\"300\" title=\"Mango Meyve Suyu\" onerror=\"this.style.display='none'\"  \/>\n\t\t\t\t\t\t\t\t\t<h3 itemprop=\"headline\">\n\t\t\t\t\t\t\t\t\t\t\t\t\t\tCudy Mango Meyve Suyu\t\t\t\t\t\t\t\t\t\t\t<\/h3>\n\t<meta itemscope itemprop=\"mainEntityOfPage\" itemtype=\"https:\/\/schema.org\/WebPage\" itemid=\"http:\/\/1210\" content=\"Cudy Portakal Meyve Suyu\" \/><meta itemprop=\"datePublished\" content=\"2024-05-01\" \/><meta itemprop=\"dateModified\" content=\"2024-05-01\" \/><meta itemprop=\"name\" content=\"Zirve \u0130\u00e7ecek\"\/><meta itemprop=\"url\" content=\"https:\/\/zirveicecek.com\/wp-content\/uploads\/2024\/04\/logo.svg\"\/><meta itemprop=\"url\" content=\"https:\/\/zirveicecek.com\/author\/ali\" \/><meta itemprop=\"name\" content=\"Ali Bard\u0131z\" \/><meta itemprop=\"url\" content=\"https:\/\/zirveicecek.com\/wp-content\/uploads\/2024\/04\/Adsiz-tasarim-16.png\" \/><meta itemprop=\"width\" content=\"300\" \/><meta itemprop=\"height\" content=\"400\" \/><meta itemprop=\"interactionType\" content=\"https:\/\/schema.org\/CommentAction\" \/><meta itemprop=\"userInteractionCount\" content=\"0\" \/>\n\t\t\t\t\t<a href=\"https:\/\/zirveicecek.com\/ar\/cudy-portakal-meyve-suyu\/\" title=\"Cudy Portakal Meyve Suyu\"><\/a>\n\t\t\t\t<img loading=\"lazy\" decoding=\"async\" src=\"https:\/\/zirveicecek.com\/wp-content\/uploads\/2024\/04\/Adsiz-tasarim-16.png\" alt=\"Portakal Meyve Suyu\" itemprop=\"image\" data-no-lazy=\"1\" height=\"400\" width=\"300\" title=\"Portakal Meyve Suyu\" onerror=\"this.style.display='none'\"  \/>\n\t\t\t\t\t\t\t\t\t<h3 itemprop=\"headline\">\n\t\t\t\t\t\t\t\t\t\t\t\t\t\tCudy Portakal Meyve Suyu\t\t\t\t\t\t\t\t\t\t\t<\/h3>\n\t<meta itemscope itemprop=\"mainEntityOfPage\" itemtype=\"https:\/\/schema.org\/WebPage\" itemid=\"http:\/\/1209\" content=\"Cudy Kokteyl Meyve Suyu\" \/><meta itemprop=\"datePublished\" content=\"2024-05-01\" \/><meta itemprop=\"dateModified\" content=\"2024-05-01\" \/><meta itemprop=\"name\" content=\"Zirve \u0130\u00e7ecek\"\/><meta itemprop=\"url\" content=\"https:\/\/zirveicecek.com\/wp-content\/uploads\/2024\/04\/logo.svg\"\/><meta itemprop=\"url\" content=\"https:\/\/zirveicecek.com\/author\/ali\" \/><meta itemprop=\"name\" content=\"Ali Bard\u0131z\" \/><meta itemprop=\"url\" content=\"https:\/\/zirveicecek.com\/wp-content\/uploads\/2024\/04\/Adsiz-tasarim-17.png\" \/><meta itemprop=\"width\" content=\"300\" \/><meta itemprop=\"height\" content=\"400\" \/><meta itemprop=\"interactionType\" content=\"https:\/\/schema.org\/CommentAction\" \/><meta itemprop=\"userInteractionCount\" content=\"0\" \/>\n\t\t\t\t\t<a href=\"https:\/\/zirveicecek.com\/ar\/cudy-kokteyl-meyve-suyu\/\" title=\"Cudy Kokteyl Meyve Suyu\"><\/a>\n\t\t\t\t<img loading=\"lazy\" decoding=\"async\" src=\"https:\/\/zirveicecek.com\/wp-content\/uploads\/2024\/04\/Adsiz-tasarim-17.png\" alt=\"Kokteyl Meyve Suyu\" itemprop=\"image\" data-no-lazy=\"1\" height=\"400\" width=\"300\" title=\"Kokteyl Meyve Suyu\" onerror=\"this.style.display='none'\"  \/>\n\t\t\t\t\t\t\t\t\t<h3 itemprop=\"headline\">\n\t\t\t\t\t\t\t\t\t\t\t\t\t\tCudy Kokteyl Meyve Suyu\t\t\t\t\t\t\t\t\t\t\t<\/h3>\n\t<meta itemscope itemprop=\"mainEntityOfPage\" itemtype=\"https:\/\/schema.org\/WebPage\" itemid=\"http:\/\/1208\" content=\"Cudy \u015eeftali Meyve Suyu\" \/><meta itemprop=\"datePublished\" content=\"2024-05-01\" \/><meta itemprop=\"dateModified\" content=\"2024-05-01\" \/><meta itemprop=\"name\" content=\"Zirve \u0130\u00e7ecek\"\/><meta itemprop=\"url\" content=\"https:\/\/zirveicecek.com\/wp-content\/uploads\/2024\/04\/logo.svg\"\/><meta itemprop=\"url\" content=\"https:\/\/zirveicecek.com\/author\/ali\" \/><meta itemprop=\"name\" content=\"Ali Bard\u0131z\" \/><meta itemprop=\"url\" content=\"https:\/\/zirveicecek.com\/wp-content\/uploads\/2024\/04\/Adsiz-tasarim-21.png\" \/><meta itemprop=\"width\" content=\"300\" \/><meta itemprop=\"height\" content=\"400\" \/><meta itemprop=\"interactionType\" content=\"https:\/\/schema.org\/CommentAction\" \/><meta itemprop=\"userInteractionCount\" content=\"0\" \/>\n\t\t\t\t\t<a href=\"https:\/\/zirveicecek.com\/ar\/cudy-seftali-meyve-suyu\/\" title=\"Cudy \u015eeftali Meyve Suyu\"><\/a>\n\t\t\t\t<img loading=\"lazy\" decoding=\"async\" src=\"https:\/\/zirveicecek.com\/wp-content\/uploads\/2024\/04\/Adsiz-tasarim-21.png\" alt=\"Kar\u0131\u015f\u0131k Meyve Suyu\" itemprop=\"image\" data-no-lazy=\"1\" height=\"400\" width=\"300\" title=\"Kar\u0131\u015f\u0131k Meyve Suyu\" onerror=\"this.style.display='none'\"  \/>\n\t\t\t\t\t\t\t\t\t<h3 itemprop=\"headline\">\n\t\t\t\t\t\t\t\t\t\t\t\t\t\tCudy \u015eeftali Meyve Suyu\t\t\t\t\t\t\t\t\t\t\t<\/h3>\n\t\t<!-- .pp-content-posts -->\n\t\t\t\t<img loading=\"lazy\" decoding=\"async\" src=\"https:\/\/zirveicecek.com\/wp-content\/uploads\/2024\/04\/logo.svg\" alt=\"logo\" itemprop=\"image\" height=\"231\" width=\"384\" title=\"logo\" onerror=\"this.style.display='none'\"  \/>\n\t\t<link itemprop=\"url\" href=\"https:\/\/zirveicecek.com\"\/>\n\t\t<a itemprop=\"sameAs\" href=\"\" target=\"_self\" title=\"\" aria-label=\"\" role=\"button\" rel=\"noopener\">\n\t\t\t\t\t<\/a>\n\t\t<link itemprop=\"url\" href=\"https:\/\/zirveicecek.com\"\/>\n\t\t<a itemprop=\"sameAs\" href=\"\" target=\"_self\" title=\"\" aria-label=\"\" role=\"button\" rel=\"noopener\">\n\t\t\t\t\t<\/a>\n\t\t<link itemprop=\"url\" href=\"https:\/\/zirveicecek.com\"\/>\n\t\t<a itemprop=\"sameAs\" href=\"\" target=\"_self\" title=\"\" aria-label=\"\" role=\"button\" rel=\"noopener\">\n\t\t\t\t\t<\/a>\n\t\t\t\t<img loading=\"lazy\" decoding=\"async\" src=\"https:\/\/zirveicecek.com\/wp-content\/uploads\/2024\/04\/mov-logo-hor.svg\" alt=\"mov-logo-hor\" itemprop=\"image\" height=\"276\" width=\"744\" title=\"mov-logo-hor\" onerror=\"this.style.display='none'\"  \/>\n\t\t\t\t<img loading=\"lazy\" decoding=\"async\" src=\"https:\/\/zirveicecek.com\/wp-content\/uploads\/2024\/04\/copico_2.png\" alt=\"copico_2\" itemprop=\"image\" height=\"549\" width=\"549\" title=\"copico_2\" onerror=\"this.style.display='none'\"  \/>\n\t\t\t\t<img loading=\"lazy\" decoding=\"async\" src=\"https:\/\/zirveicecek.com\/wp-content\/uploads\/2024\/04\/cudy.png\" alt=\"cudy\" itemprop=\"image\" height=\"300\" width=\"300\" title=\"cudy\" onerror=\"this.style.display='none'\"  \/>\n\t<p>\u00a9 Copyright 2024\u00a0<b>\u0633\u0648\u0645\u064a\u062a \u0644\u0644\u0645\u0634\u0631\u0648\u0628\u0627\u062a<\/b><\/p>\n\t<p>\u062a\u0635\u0645\u064a\u0645 \u0627\u0644\u0648\u064a\u0628<a href=\"https:\/\/digitalkure.com\/\" target=\"_blank\" rel=\"noopener\"><b>\u00a0Digital K\u00fcre\u00ae<\/b><\/a><\/p>","protected":false},"excerpt":{"rendered":"<p>Cudy Kiraz Meyve Suyu Cudy &hellip;<\/p>\n<p class=\"read-more\"> <a class=\"\" href=\"https:\/\/zirveicecek.com\/ar\/iceceklerimiz\/cudy\"> <span class=\"screen-reader-text\">CUDY<\/span> Read More \u00bb<\/a><\/p>","protected":false},"author":2,"featured_media":958,"parent":452,"menu_order":0,"comment_status":"closed","ping_status":"closed","template":"","meta":{"site-sidebar-layout":"no-sidebar","site-content-layout":"page-builder","ast-site-content-layout":"default","site-content-style":"default","site-sidebar-style":"default","ast-global-header-display":"","ast-banner-title-visibility":"","ast-main-header-display":"","ast-hfb-above-header-display":"","ast-hfb-below-header-display":"","ast-hfb-mobile-header-display":"","site-post-title":"disabled","ast-breadcrumbs-content":"","ast-featured-img":"disabled","footer-sml-layout":"","theme-transparent-header-meta":"default","adv-header-id-meta":"","stick-header-meta":"default","header-above-stick-meta":"","header-main-stick-meta":"","header-below-stick-meta":"","astra-migrate-meta-layouts":"set","ast-page-background-enabled":"default","ast-page-background-meta":{"desktop":{"background-color":"var(--ast-global-color-4)","background-image":"","background-repeat":"repeat","background-position":"center center","background-size":"auto","background-attachment":"scroll","background-type":"","background-media":"","overlay-type":"","overlay-color":"","overlay-gradient":""},"tablet":{"background-color":"","background-image":"","background-repeat":"repeat","background-position":"center center","background-size":"auto","background-attachment":"scroll","background-type":"","background-media":"","overlay-type":"","overlay-color":"","overlay-gradient":""},"mobile":{"background-color":"","background-image":"","background-repeat":"repeat","background-position":"center center","background-size":"auto","background-attachment":"scroll","background-type":"","background-media":"","overlay-type":"","overlay-color":"","overlay-gradient":""}},"ast-content-background-meta":{"desktop":{"background-color":"var(--ast-global-color-5)","background-image":"","background-repeat":"repeat","background-position":"center center","background-size":"auto","background-attachment":"scroll","background-type":"","background-media":"","overlay-type":"","overlay-color":"","overlay-gradient":""},"tablet":{"background-color":"var(--ast-global-color-5)","background-image":"","background-repeat":"repeat","background-position":"center center","background-size":"auto","background-attachment":"scroll","background-type":"","background-media":"","overlay-type":"","overlay-color":"","overlay-gradient":""},"mobile":{"background-color":"var(--ast-global-color-5)","background-image":"","background-repeat":"repeat","background-position":"center center","background-size":"auto","background-attachment":"scroll","background-type":"","background-media":"","overlay-type":"","overlay-color":"","overlay-gradient":""}},"footnotes":""},"class_list":["post-906","page","type-page","status-publish","has-post-thumbnail","hentry"],"acf":[],"_links":{"self":[{"href":"https:\/\/zirveicecek.com\/ar\/wp-json\/wp\/v2\/pages\/906","targetHints":{"allow":["GET"]}}],"collection":[{"href":"https:\/\/zirveicecek.com\/ar\/wp-json\/wp\/v2\/pages"}],"about":[{"href":"https:\/\/zirveicecek.com\/ar\/wp-json\/wp\/v2\/types\/page"}],"author":[{"embeddable":true,"href":"https:\/\/zirveicecek.com\/ar\/wp-json\/wp\/v2\/users\/2"}],"replies":[{"embeddable":true,"href":"https:\/\/zirveicecek.com\/ar\/wp-json\/wp\/v2\/comments?post=906"}],"version-history":[{"count":11,"href":"https:\/\/zirveicecek.com\/ar\/wp-json\/wp\/v2\/pages\/906\/revisions"}],"predecessor-version":[{"id":1396,"href":"https:\/\/zirveicecek.com\/ar\/wp-json\/wp\/v2\/pages\/906\/revisions\/1396"}],"up":[{"embeddable":true,"href":"https:\/\/zirveicecek.com\/ar\/wp-json\/wp\/v2\/pages\/452"}],"wp:featuredmedia":[{"embeddable":true,"href":"https:\/\/zirveicecek.com\/ar\/wp-json\/wp\/v2\/media\/958"}],"wp:attachment":[{"href":"https:\/\/zirveicecek.com\/ar\/wp-json\/wp\/v2\/media?parent=906"}],"curies":[{"name":"wp","href":"https:\/\/api.w.org\/{rel}","templated":true}]}}