{"id":633,"date":"2024-04-04T17:37:47","date_gmt":"2024-04-04T14:37:47","guid":{"rendered":"https:\/\/zirveicecek.com\/?page_id=633"},"modified":"2024-04-24T16:34:55","modified_gmt":"2024-04-24T13:34:55","slug":"haberler","status":"publish","type":"page","link":"https:\/\/zirveicecek.com\/ar\/haberler","title":{"rendered":"Haberler"},"content":{"rendered":"<meta itemscope itemprop=\"mainEntityOfPage\" itemtype=\"https:\/\/schema.org\/WebPage\" itemid=\"http:\/\/883\" content=\"Zirve \u0130\u00e7ecek, Sekt\u00f6rdeki Lider Konumunu G\u00fc\u00e7lendiriyor\" \/><meta itemprop=\"datePublished\" content=\"2024-04-23\" \/><meta itemprop=\"dateModified\" content=\"2024-04-24\" \/><meta itemprop=\"name\" content=\"Zirve \u0130\u00e7ecek\"\/><meta itemprop=\"url\" content=\"https:\/\/zirveicecek.com\/wp-content\/uploads\/2024\/04\/logo.svg\"\/><meta itemprop=\"url\" content=\"https:\/\/zirveicecek.com\/author\/ali\" \/><meta itemprop=\"name\" content=\"Ali Bard\u0131z\" \/><meta itemprop=\"url\" content=\"https:\/\/zirveicecek.com\/wp-content\/uploads\/2024\/04\/Adsiz-tasarim-6-min.png\" \/><meta itemprop=\"width\" content=\"300\" \/><meta itemprop=\"height\" content=\"400\" \/><meta itemprop=\"interactionType\" content=\"https:\/\/schema.org\/CommentAction\" \/><meta itemprop=\"userInteractionCount\" content=\"0\" \/>\n\t\t\t\t\t<a href=\"https:\/\/zirveicecek.com\/ar\/zirve-icecek-sektordeki-lider-konumunu-guclendiriyor\/\" title=\"Zirve \u0130\u00e7ecek, Sekt\u00f6rdeki Lider Konumunu G\u00fc\u00e7lendiriyor\"><\/a>\n\t\t\t\t<img loading=\"lazy\" decoding=\"async\" src=\"https:\/\/zirveicecek.com\/wp-content\/uploads\/2024\/04\/Adsiz-tasarim-6-min.png\" alt=\"Ads\u0131z tasar\u0131m (6)-min\" itemprop=\"image\" data-no-lazy=\"1\" height=\"400\" width=\"300\" title=\"Ads\u0131z tasar\u0131m (6)-min\" onerror=\"this.style.display='none'\"  \/>\n\t\t\t\t\t\t\t\t\t<h5 itemprop=\"headline\">\n\t\t\t\t\t\t\t\t\t\t\t\t\t\tZirve \u0130\u00e7ecek, Sekt\u00f6rdeki Lider Konumunu G\u00fc\u00e7lendiriyor\t\t\t\t\t\t\t\t\t\t\t<\/h5>\n    Zirve \u0130\u00e7ecek G\u0131da Sanayi ve Tic. Ltd. \u015eti., sekt\u00f6rdeki lider&#8230;\n\t<meta itemscope itemprop=\"mainEntityOfPage\" itemtype=\"https:\/\/schema.org\/WebPage\" itemid=\"http:\/\/880\" content=\"Zirve \u0130\u00e7ecek, Tad\u0131yla Meyve Sular\u0131 Tutkunlar\u0131n\u0131 Memnun Ediyor\" \/><meta itemprop=\"datePublished\" content=\"2024-04-23\" \/><meta itemprop=\"dateModified\" content=\"2024-04-24\" \/><meta itemprop=\"name\" content=\"Zirve \u0130\u00e7ecek\"\/><meta itemprop=\"url\" content=\"https:\/\/zirveicecek.com\/wp-content\/uploads\/2024\/04\/logo.svg\"\/><meta itemprop=\"url\" content=\"https:\/\/zirveicecek.com\/author\/ali\" \/><meta itemprop=\"name\" content=\"Ali Bard\u0131z\" \/><meta itemprop=\"url\" content=\"https:\/\/zirveicecek.com\/wp-content\/uploads\/2024\/04\/Adsiz-tasarim-4-min.png\" \/><meta itemprop=\"width\" content=\"300\" \/><meta itemprop=\"height\" content=\"400\" \/><meta itemprop=\"interactionType\" content=\"https:\/\/schema.org\/CommentAction\" \/><meta itemprop=\"userInteractionCount\" content=\"0\" \/>\n\t\t\t\t\t<a href=\"https:\/\/zirveicecek.com\/ar\/zirve-icecek-tadiyla-meyve-sulari-tutkunlarini-memnun-ediyor\/\" title=\"Zirve \u0130\u00e7ecek, Tad\u0131yla Meyve Sular\u0131 Tutkunlar\u0131n\u0131 Memnun Ediyor\"><\/a>\n\t\t\t\t<img loading=\"lazy\" decoding=\"async\" src=\"https:\/\/zirveicecek.com\/wp-content\/uploads\/2024\/04\/Adsiz-tasarim-4-min.png\" alt=\"Ads\u0131z tasar\u0131m (4)-min\" itemprop=\"image\" data-no-lazy=\"1\" height=\"400\" width=\"300\" title=\"Ads\u0131z tasar\u0131m (4)-min\" onerror=\"this.style.display='none'\"  \/>\n\t\t\t\t\t\t\t\t\t<h5 itemprop=\"headline\">\n\t\t\t\t\t\t\t\t\t\t\t\t\t\tZirve \u0130\u00e7ecek, Tad\u0131yla Meyve Sular\u0131 Tutkunlar\u0131n\u0131 Memnun Ediyor\t\t\t\t\t\t\t\t\t\t\t<\/h5>\n    Zirve \u0130\u00e7ecek G\u0131da Sanayi ve Tic. Ltd. \u015eti., meyve sular\u0131&#8230;\n\t<meta itemscope itemprop=\"mainEntityOfPage\" itemtype=\"https:\/\/schema.org\/WebPage\" itemid=\"http:\/\/877\" content=\"Zirve \u0130\u00e7ecek, Yenilenen Ambalaj Tasar\u0131m\u0131yla G\u00f6z Kama\u015ft\u0131r\u0131yor\" \/><meta itemprop=\"datePublished\" content=\"2024-04-23\" \/><meta itemprop=\"dateModified\" content=\"2024-04-24\" \/><meta itemprop=\"name\" content=\"Zirve \u0130\u00e7ecek\"\/><meta itemprop=\"url\" content=\"https:\/\/zirveicecek.com\/wp-content\/uploads\/2024\/04\/logo.svg\"\/><meta itemprop=\"url\" content=\"https:\/\/zirveicecek.com\/author\/ali\" \/><meta itemprop=\"name\" content=\"Ali Bard\u0131z\" \/><meta itemprop=\"url\" content=\"https:\/\/zirveicecek.com\/wp-content\/uploads\/2024\/04\/Adsiz-tasarim-5-min.png\" \/><meta itemprop=\"width\" content=\"300\" \/><meta itemprop=\"height\" content=\"400\" \/><meta itemprop=\"interactionType\" content=\"https:\/\/schema.org\/CommentAction\" \/><meta itemprop=\"userInteractionCount\" content=\"0\" \/>\n\t\t\t\t\t<a href=\"https:\/\/zirveicecek.com\/ar\/zirve-icecek-yenilenen-ambalaj-tasarimiyla-goz-kamastiriyor\/\" title=\"Zirve \u0130\u00e7ecek, Yenilenen Ambalaj Tasar\u0131m\u0131yla G\u00f6z Kama\u015ft\u0131r\u0131yor\"><\/a>\n\t\t\t\t<img loading=\"lazy\" decoding=\"async\" src=\"https:\/\/zirveicecek.com\/wp-content\/uploads\/2024\/04\/Adsiz-tasarim-5-min.png\" alt=\"Ads\u0131z tasar\u0131m (5)-min\" itemprop=\"image\" data-no-lazy=\"1\" height=\"400\" width=\"300\" title=\"Ads\u0131z tasar\u0131m (5)-min\" onerror=\"this.style.display='none'\"  \/>\n\t\t\t\t\t\t\t\t\t<h5 itemprop=\"headline\">\n\t\t\t\t\t\t\t\t\t\t\t\t\t\tZirve \u0130\u00e7ecek, Yenilenen Ambalaj Tasar\u0131m\u0131yla G\u00f6z Kama\u015ft\u0131r\u0131yor\t\t\t\t\t\t\t\t\t\t\t<\/h5>\n    Zirve \u0130\u00e7ecek G\u0131da Sanayi ve Tic. Ltd. \u015eti., m\u00fc\u015fterilerine sundu\u011fu&#8230;\n\t<meta itemscope itemprop=\"mainEntityOfPage\" itemtype=\"https:\/\/schema.org\/WebPage\" itemid=\"http:\/\/872\" content=\"Zirve \u0130\u00e7ecek, Lezzet D\u00fcnyas\u0131na Yenilik\u00e7i Bir Soluk Getiriyor\" \/><meta itemprop=\"datePublished\" content=\"2024-04-23\" \/><meta itemprop=\"dateModified\" content=\"2024-04-24\" \/><meta itemprop=\"name\" content=\"Zirve \u0130\u00e7ecek\"\/><meta itemprop=\"url\" content=\"https:\/\/zirveicecek.com\/wp-content\/uploads\/2024\/04\/logo.svg\"\/><meta itemprop=\"url\" content=\"https:\/\/zirveicecek.com\/author\/ali\" \/><meta itemprop=\"name\" content=\"Ali Bard\u0131z\" \/><meta itemprop=\"url\" content=\"https:\/\/zirveicecek.com\/wp-content\/uploads\/2024\/04\/Adsiz-tasarim-7-min.png\" \/><meta itemprop=\"width\" content=\"300\" \/><meta itemprop=\"height\" content=\"400\" \/><meta itemprop=\"interactionType\" content=\"https:\/\/schema.org\/CommentAction\" \/><meta itemprop=\"userInteractionCount\" content=\"0\" \/>\n\t\t\t\t\t<a href=\"https:\/\/zirveicecek.com\/ar\/zirve-icecek-lezzet-dunyasina-yenilikci-bir-soluk-getiriyor\/\" title=\"Zirve \u0130\u00e7ecek, Lezzet D\u00fcnyas\u0131na Yenilik\u00e7i Bir Soluk Getiriyor\"><\/a>\n\t\t\t\t<img loading=\"lazy\" decoding=\"async\" src=\"https:\/\/zirveicecek.com\/wp-content\/uploads\/2024\/04\/Adsiz-tasarim-7-min.png\" alt=\"Ads\u0131z tasar\u0131m (7)-min\" itemprop=\"image\" data-no-lazy=\"1\" height=\"400\" width=\"300\" title=\"Ads\u0131z tasar\u0131m (7)-min\" onerror=\"this.style.display='none'\"  \/>\n\t\t\t\t\t\t\t\t\t<h5 itemprop=\"headline\">\n\t\t\t\t\t\t\t\t\t\t\t\t\t\tZirve \u0130\u00e7ecek, Lezzet D\u00fcnyas\u0131na Yenilik\u00e7i Bir Soluk Getiriyor\t\t\t\t\t\t\t\t\t\t\t<\/h5>\n    Zirve \u0130\u00e7ecek G\u0131da Sanayi ve Tic. Ltd. \u015eti., m\u00fc\u015fterilerine sa\u011fl\u0131k&#8230;\n\t\t<!-- .pp-content-posts -->\n\t\t\t\t<img loading=\"lazy\" decoding=\"async\" src=\"https:\/\/zirveicecek.com\/wp-content\/uploads\/2024\/04\/logo.svg\" alt=\"logo\" itemprop=\"image\" height=\"231\" width=\"384\" title=\"logo\" onerror=\"this.style.display='none'\"  \/>\n\t\t<link itemprop=\"url\" href=\"https:\/\/zirveicecek.com\"\/>\n\t\t<a itemprop=\"sameAs\" href=\"\" target=\"_self\" title=\"\" aria-label=\"\" role=\"button\" rel=\"noopener\">\n\t\t\t\t\t<\/a>\n\t\t<link itemprop=\"url\" href=\"https:\/\/zirveicecek.com\"\/>\n\t\t<a itemprop=\"sameAs\" href=\"\" target=\"_self\" title=\"\" aria-label=\"\" role=\"button\" rel=\"noopener\">\n\t\t\t\t\t<\/a>\n\t\t<link itemprop=\"url\" href=\"https:\/\/zirveicecek.com\"\/>\n\t\t<a itemprop=\"sameAs\" href=\"\" target=\"_self\" title=\"\" aria-label=\"\" role=\"button\" rel=\"noopener\">\n\t\t\t\t\t<\/a>\n\t\t\t\t<img loading=\"lazy\" decoding=\"async\" src=\"https:\/\/zirveicecek.com\/wp-content\/uploads\/2024\/04\/rana-1.png\" alt=\"rana (1)\" itemprop=\"image\" height=\"300\" width=\"300\" title=\"rana (1)\" onerror=\"this.style.display='none'\"  \/>\n\t\t\t\t<img loading=\"lazy\" decoding=\"async\" src=\"https:\/\/zirveicecek.com\/wp-content\/uploads\/2024\/04\/copico_2.png\" alt=\"copico_2\" itemprop=\"image\" height=\"549\" width=\"549\" title=\"copico_2\" onerror=\"this.style.display='none'\"  \/>\n\t\t\t\t<img loading=\"lazy\" decoding=\"async\" src=\"https:\/\/zirveicecek.com\/wp-content\/uploads\/2024\/04\/cudy.png\" alt=\"cudy\" itemprop=\"image\" height=\"300\" width=\"300\" title=\"cudy\" onerror=\"this.style.display='none'\"  \/>","protected":false},"excerpt":{"rendered":"<p>Zirve \u0130\u00e7ecek, Sekt\u00f6rdeki Lider Konumunu &hellip;<\/p>\n<p class=\"read-more\"> <a class=\"\" href=\"https:\/\/zirveicecek.com\/ar\/haberler\"> <span class=\"screen-reader-text\">Haberler<\/span> Read More \u00bb<\/a><\/p>","protected":false},"author":5,"featured_media":984,"parent":0,"menu_order":0,"comment_status":"closed","ping_status":"closed","template":"","meta":{"site-sidebar-layout":"no-sidebar","site-content-layout":"page-builder","ast-site-content-layout":"default","site-content-style":"default","site-sidebar-style":"default","ast-global-header-display":"","ast-banner-title-visibility":"","ast-main-header-display":"","ast-hfb-above-header-display":"","ast-hfb-below-header-display":"","ast-hfb-mobile-header-display":"","site-post-title":"disabled","ast-breadcrumbs-content":"","ast-featured-img":"disabled","footer-sml-layout":"","theme-transparent-header-meta":"default","adv-header-id-meta":"","stick-header-meta":"default","header-above-stick-meta":"","header-main-stick-meta":"","header-below-stick-meta":"","astra-migrate-meta-layouts":"set","ast-page-background-enabled":"default","ast-page-background-meta":{"desktop":{"background-color":"var(--ast-global-color-4)","background-image":"","background-repeat":"repeat","background-position":"center center","background-size":"auto","background-attachment":"scroll","background-type":"","background-media":"","overlay-type":"","overlay-color":"","overlay-gradient":""},"tablet":{"background-color":"","background-image":"","background-repeat":"repeat","background-position":"center center","background-size":"auto","background-attachment":"scroll","background-type":"","background-media":"","overlay-type":"","overlay-color":"","overlay-gradient":""},"mobile":{"background-color":"","background-image":"","background-repeat":"repeat","background-position":"center center","background-size":"auto","background-attachment":"scroll","background-type":"","background-media":"","overlay-type":"","overlay-color":"","overlay-gradient":""}},"ast-content-background-meta":{"desktop":{"background-color":"var(--ast-global-color-5)","background-image":"","background-repeat":"repeat","background-position":"center center","background-size":"auto","background-attachment":"scroll","background-type":"","background-media":"","overlay-type":"","overlay-color":"","overlay-gradient":""},"tablet":{"background-color":"var(--ast-global-color-5)","background-image":"","background-repeat":"repeat","background-position":"center center","background-size":"auto","background-attachment":"scroll","background-type":"","background-media":"","overlay-type":"","overlay-color":"","overlay-gradient":""},"mobile":{"background-color":"var(--ast-global-color-5)","background-image":"","background-repeat":"repeat","background-position":"center center","background-size":"auto","background-attachment":"scroll","background-type":"","background-media":"","overlay-type":"","overlay-color":"","overlay-gradient":""}},"footnotes":""},"class_list":["post-633","page","type-page","status-publish","has-post-thumbnail","hentry"],"acf":[],"_links":{"self":[{"href":"https:\/\/zirveicecek.com\/ar\/wp-json\/wp\/v2\/pages\/633","targetHints":{"allow":["GET"]}}],"collection":[{"href":"https:\/\/zirveicecek.com\/ar\/wp-json\/wp\/v2\/pages"}],"about":[{"href":"https:\/\/zirveicecek.com\/ar\/wp-json\/wp\/v2\/types\/page"}],"author":[{"embeddable":true,"href":"https:\/\/zirveicecek.com\/ar\/wp-json\/wp\/v2\/users\/5"}],"replies":[{"embeddable":true,"href":"https:\/\/zirveicecek.com\/ar\/wp-json\/wp\/v2\/comments?post=633"}],"version-history":[{"count":16,"href":"https:\/\/zirveicecek.com\/ar\/wp-json\/wp\/v2\/pages\/633\/revisions"}],"predecessor-version":[{"id":1045,"href":"https:\/\/zirveicecek.com\/ar\/wp-json\/wp\/v2\/pages\/633\/revisions\/1045"}],"wp:featuredmedia":[{"embeddable":true,"href":"https:\/\/zirveicecek.com\/ar\/wp-json\/wp\/v2\/media\/984"}],"wp:attachment":[{"href":"https:\/\/zirveicecek.com\/ar\/wp-json\/wp\/v2\/media?parent=633"}],"curies":[{"name":"wp","href":"https:\/\/api.w.org\/{rel}","templated":true}]}}