{"id":569,"date":"2024-04-04T14:37:36","date_gmt":"2024-04-04T11:37:36","guid":{"rendered":"https:\/\/zirveicecek.com\/?page_id=569"},"modified":"2024-06-25T11:04:03","modified_gmt":"2024-06-25T08:04:03","slug":"hakkimizda","status":"publish","type":"page","link":"https:\/\/zirveicecek.com\/ar\/hakkimizda","title":{"rendered":"\u0645\u0639\u0644\u0648\u0645\u0627\u062a \u0639\u0646\u0627"},"content":{"rendered":"<h2>\n\t\t\u0645\u0639\u0644\u0648\u0645\u0627\u062a \u0639\u0646\u0627\n\t<\/h2>\n\t<p>Zirve \u0130\u00e7ecek G\u0131da Sanayi ve Tic. Ltd. \u015eti., 20 y\u0131l\u0131 a\u015fk\u0131n s\u00fcredir taze ve lezzetli i\u00e7eceklerin \u00fcretiminde \u00f6nc\u00fc bir konumda yer almaktad\u0131r. Misyonumuz, m\u00fc\u015fterilerimize kaliteli, besleyici ve lezzetli i\u00e7ecekler sunarak onlar\u0131n ya\u015famlar\u0131n\u0131 daha sa\u011fl\u0131kl\u0131 ve keyifli hale getirmektir.<\/p>\n<p>\u00a0<\/p>\n<p>\u015eirketimiz, y\u00fcksek kaliteli meyve aromalar\u0131 ve i\u00e7erikleri kullanarak, g\u00fcvenilir ve hijyenik ko\u015fullarda \u00fcretim yapmaktad\u0131r. \u00dcr\u00fcnlerimizin her biri, do\u011fadan gelen lezzetin en saf halini sunmak \u00fczere \u00f6zenle haz\u0131rlanmaktad\u0131r. Sekt\u00f6rdeki deneyimimiz ve uzman kadromuzla, m\u00fc\u015fteri memnuniyetini her zaman en \u00fcst seviyede tutmay\u0131 hedeflemekteyiz.<\/p>\n<p>\u00a0<\/p>\n<p>\u0627\u0644\u062c\u0648\u062f\u0629 \u0648\u0627\u0644\u0645\u0648\u062b\u0648\u0642\u064a\u0629 \u0647\u064a \u0627\u0644\u0642\u064a\u0645 \u0627\u0644\u0623\u0633\u0627\u0633\u064a\u0629 \u0644\u0634\u0631\u0643\u062a\u0646\u0627. \u0648\u0644\u0630\u0644\u0643\u060c \u0641\u0625\u0646\u0646\u0627 \u0646\u0633\u0639\u0649 \u0628\u0627\u0633\u062a\u0645\u0631\u0627\u0631 \u0644\u0644\u062d\u0641\u0627\u0638 \u0639\u0644\u0649 \u0623\u0639\u0644\u0649 \u0645\u0639\u0627\u064a\u064a\u0631 \u0627\u0644\u062c\u0648\u062f\u0629 \u0641\u064a \u0625\u0646\u062a\u0627\u062c \u0648\u062a\u0648\u0632\u064a\u0639 \u0645\u0646\u062a\u062c\u0627\u062a\u0646\u0627. \u0646\u062d\u0646 \u0646\u0639\u0645\u0644 \u0628\u062f\u0642\u0629 \u0641\u064a \u0643\u0644 \u0645\u0631\u062d\u0644\u0629 \u0644\u0643\u0633\u0628 \u062b\u0642\u0629 \u0639\u0645\u0644\u0627\u0626\u0646\u0627 \u0648\u0627\u0644\u062d\u0641\u0627\u0638 \u0639\u0644\u064a\u0647\u0627.<\/p>\n<p>\u00a0<\/p>\n<p>Zirve \u0130\u00e7ecek G\u0131da Sanayi ve Tic. Ltd. \u015eti. olarak, do\u011faya sayg\u0131l\u0131 \u00fcretim anlay\u0131\u015f\u0131yla, m\u00fc\u015fterilerimize taze ve lezzet dolu i\u00e7ecekler sunmaya devam edece\u011fiz. Yenilik\u00e7i yakla\u015f\u0131m\u0131m\u0131zla sekt\u00f6rde \u00f6nc\u00fc olmay\u0131 s\u00fcrd\u00fcrecek, m\u00fc\u015fteri memnuniyetini her zaman en \u00fcst d\u00fczeyde tutacak ve topluma katk\u0131 sa\u011flayacak sosyal sorumluluk projelerine destek olmaya devam edece\u011fiz.<\/p>\n<p>\u00a0<\/p>\n<p>\u0634\u0643\u0631\u064b\u0627 \u0644\u0643\u0644 \u0645\u0646 \u0648\u062b\u0642 \u0628\u0646\u0627 \u0648\u0633\u0627\u0631 \u0645\u0639\u0646\u0627 \u0641\u064a \u0647\u0630\u0647 \u0627\u0644\u0631\u062d\u0644\u0629. \u0625\u0644\u064a\u0643\u0645 \u0627\u0644\u0639\u062f\u064a\u062f \u0645\u0646 \u0627\u0644\u0633\u0646\u0648\u0627\u062a \u0627\u0644\u0644\u0630\u064a\u0630\u0629 \u0648\u0627\u0644\u0635\u062d\u064a\u0629 \u0645\u0639\u064b\u0627<\/p>\n\t\t\t\t<img loading=\"lazy\" decoding=\"async\" src=\"https:\/\/zirveicecek.com\/wp-content\/uploads\/2024\/04\/orange-yellow-water-splash_6023a186c93f0.png\" alt=\"orange-yellow-water-splash_6023a186c93f0\" itemprop=\"image\" height=\"923\" width=\"1005\" title=\"orange-yellow-water-splash_6023a186c93f0\" onerror=\"this.style.display='none'\"  \/>\n\t<h2><strong>\u0645\u0647\u0645\u062a\u0646\u0627<\/strong><\/h2>\n<p>\u0623\u0646 \u0646\u062c\u0639\u0644 \u062d\u064a\u0627\u0629 \u0639\u0645\u0644\u0627\u0626\u0646\u0627 \u0623\u0643\u062b\u0631 \u0635\u062d\u0629 \u0648\u0645\u062a\u0639\u0629 \u0645\u0646 \u062e\u0644\u0627\u0644 \u062a\u0642\u062f\u064a\u0645 \u0645\u0634\u0631\u0648\u0628\u0627\u062a \u0635\u062d\u064a\u0629 \u0648\u0637\u0628\u064a\u0639\u064a\u0629 \u0648\u0644\u0630\u064a\u0630\u0629. \u0644\u0625\u0646\u062a\u0627\u062c \u0645\u0646\u062a\u062c\u0627\u062a\u0646\u0627 \u0628\u0627\u0633\u062a\u062e\u062f\u0627\u0645 \u0627\u0644\u0645\u0643\u0648\u0646\u0627\u062a \u0627\u0644\u0637\u0627\u0632\u062c\u0629 \u0648\u0623\u0639\u0644\u0649 \u062c\u0648\u062f\u0629 \u0645\u0646 \u0627\u0644\u0637\u0628\u064a\u0639\u0629 \u0648\u0627\u0644\u0645\u0642\u062f\u0645\u0629<\/p>\n\t<h2><strong>\u0631\u0624\u064a\u062a\u0646\u0627<\/strong><\/h2>\n<p>\u062a\u0647\u062f\u0641 \u0634\u0631\u0643\u0629 Zirve Beverage Food Industry and Trade Ltd. \u0625\u0644\u0649 \u0623\u0646 \u062a\u0643\u0648\u0646 \u0627\u0644\u0634\u0631\u0643\u0629 \u0627\u0644\u0631\u0627\u0626\u062f\u0629 \u0641\u064a \u0645\u062c\u0627\u0644  \u0635\u0646\u0627\u0639\u0629 \u0627\u0644\u0645\u0634\u0631\u0648\u0628\u0627\u062a \u0648\u0627\u0644\u062d\u0641\u0627\u0638 \u0639\u0644\u0649 \u0645\u0643\u0627\u0646\u062a\u0647\u0627 \u0627\u0644\u0631\u0627\u0626\u062f\u0629 \u0641\u064a \u0647\u0630\u0627 \u0627\u0644\u0642\u0637\u0627\u0639. \u0648\u0645\u0646 \u062e\u0644\u0627\u0644 \u0627\u0644\u0627\u0628\u062a\u0643\u0627\u0631 \u0648\u0627\u0644\u062a\u0637\u0648\u064a\u0631 \u0627\u0644\u0645\u0633\u062a\u0645\u0631\u060c \u0646\u0647\u062f\u0641 \u062f\u0627\u0626\u0645\u0627  \u0625\u0644\u0649 \u062a\u0642\u062f\u064a\u0645 \u0627\u0644\u0645\u0646\u062a\u062c\u0627\u062a \u0627\u0644\u062a\u064a \u062a\u0644\u0628\u064a \u0627\u062d\u062a\u064a\u0627\u062c\u0627\u062a \u0627\u0644\u0645\u0633\u062a\u0647\u0644\u0643\u064a\u0646 \u0639\u0644\u0649 \u0623\u0641\u0636\u0644 \u0648\u062c\u0647 \u0648\u0623\u0646 \u0646\u0643\u0648\u0646 \u0631\u0648\u0627\u062f\u064b\u0627 \u0641\u064a \u0627\u0644\u0633\u0648\u0642. \u0645\u0646 \u062e\u0644\u0627\u0644 \u0627\u0644\u0639\u0645\u0644 \u0628\u062d\u0633 \u0627\u0644\u0627\u0633\u062a\u062f\u0627\u0645\u0629 \u0648\u0627\u0644\u0645\u0633\u0624\u0648\u0644\u064a\u0629 \u0627\u0644\u0627\u062c\u062a\u0645\u0627\u0639\u064a\u0629\u060c \u0646\u0647\u062f\u0641 \u0625\u0644\u0649 \u0627\u0639\u062a\u0645\u0627\u062f \u0646\u0647\u062c \u0625\u0646\u062a\u0627\u062c \u0635\u062f\u064a\u0642 \u0644\u0644\u0628\u064a\u0626\u0629 \u0648\u062f\u0639\u0645 \u0627\u0644\u0645\u0634\u0627\u0631\u064a\u0639 \u0627\u0644\u062a\u064a \u062a\u0633\u0627\u0647\u0645 \u0641\u064a \u0627\u0644\u0645\u062c\u062a\u0645\u0639. \u0645\u0646 \u062e\u0644\u0627\u0644 \u0627\u0644\u062d\u0641\u0627\u0638 \u062f\u0627\u0626\u0645\u064b\u0627 \u0639\u0644\u0649 \u0631\u0636\u0627 \u0627\u0644\u0639\u0645\u0644\u0627\u0621 \u0639\u0644\u0649 \u0623\u0639\u0644\u0649 \u0645\u0633\u062a\u0648\u0649\u060c \u0641\u0625\u0646\u0646\u0627 \u0646\u0647\u062f\u0641 \u0625\u0644\u0649 \u062a\u0631\u0643 \u0639\u0644\u0627\u0645\u0629 \u062f\u0627\u0626\u0645\u0629 \u0643\u0639\u0644\u0627\u0645\u0629 \u062a\u062c\u0627\u0631\u064a\u0629 \u0645\u0648\u062b\u0648\u0642\u0629.<\/p>\n\t<h2><strong>\u0642\u064a\u0645\u0646\u0627<\/strong><\/h2>\n<ol>\n<li>\n<p><strong>\u0627\u0644\u062c\u0648\u062f\u0629:<\/strong> \u0644\u0627 \u062a\u062a\u0646\u0627\u0632\u0644 \u0623\u0628\u062f\u064b\u0627 \u0639\u0646 \u0627\u0644\u062c\u0648\u062f\u0629 \u0644\u0644\u062d\u0641\u0627\u0638 \u0639\u0644\u0649 \u0631\u0636\u0627 \u0627\u0644\u0639\u0645\u0644\u0627\u0621 \u0639\u0644\u0649 \u0623\u0639\u0644\u0649 \u0645\u0633\u062a\u0648\u0649.<\/p>\n<\/li>\n<li>\n<p><strong>\u0637\u0628\u064a\u0639\u064a\u0629:<\/strong> \u00dcr\u00fcnlerimizde kullan\u0131lan t\u00fcm i\u00e7eriklerin do\u011fal ve taze meyvelerden elde edilmi\u015f Premium aromalardan yap\u0131lm\u0131\u015f olmas\u0131n\u0131 sa\u011flamak.<\/p>\n<\/li>\n<li>\n<p><strong>\u0627\u0644\u0645\u0648\u062b\u0648\u0642\u064a\u0629:<\/strong> \u0623\u0646 \u0646\u0643\u0648\u0646 \u062f\u0627\u0626\u0645\u0627 \u062c\u062f\u064a\u0631\u064a\u0646 \u0628\u0627\u0644\u062b\u0642\u0629 \u0648\u0627\u0644\u0635\u062f\u0642 \u0645\u0639 \u0639\u0645\u0644\u0627\u0626\u0646\u0627\u060c \u0648\u0627\u0644\u0648\u0641\u0627\u0621 \u0628\u0648\u0639\u0648\u062f\u0646\u0627.<\/p>\n<\/li>\n<li>\n<p><strong>\u0627\u0644\u0627\u0628\u062a\u0643\u0627\u0631:<\/strong> \u0627\u0644\u062a\u0637\u0648\u064a\u0631 \u0627\u0644\u0645\u0633\u062a\u0645\u0631 \u0644\u0645\u0646\u062a\u062c\u0627\u062a \u062c\u062f\u064a\u062f\u0629 \u0648\u062a\u0642\u062f\u064a\u0645 \u062d\u0644\u0648\u0644 \u0645\u0628\u062a\u0643\u0631\u0629.<\/p>\n<\/li>\n<li>\n<p><strong>\u0627\u0644\u0648\u0639\u064a \u0627\u0644\u0628\u064a\u0626\u064a:<\/strong> \u0627\u062d\u062a\u0631\u0627\u0645 \u0627\u0644\u0628\u064a\u0626\u0629 \u0641\u064a \u0639\u0645\u0644\u064a\u0627\u062a\u0646\u0627 \u0627\u0644\u0625\u0646\u062a\u0627\u062c\u064a\u0629 \u0648\u0627\u0644\u0627\u0644\u062a\u0632\u0627\u0645 \u0628\u0645\u0628\u0627\u062f\u0626 \u0627\u0644\u0627\u0633\u062a\u062f\u0627\u0645\u0629.<\/p>\n<\/li>\n<li>\n<p><strong>\u0627\u0644\u0645\u0633\u0624\u0648\u0644\u064a\u0629 \u0627\u0644\u0627\u062c\u062a\u0645\u0627\u0639\u064a\u0629:<\/strong> \u0627\u0644\u062a\u0635\u0631\u0641 \u0628\u062d\u0633 \u0627\u0644\u0645\u0633\u0624\u0648\u0644\u064a\u0629 \u062a\u062c\u0627\u0647 \u0627\u0644\u0645\u062c\u062a\u0645\u0639 \u0648\u0627\u0644\u0628\u064a\u0626\u0629\u060c \u0648\u062f\u0639\u0645 \u0627\u0644\u0645\u0634\u0627\u0631\u064a\u0639 \u0627\u0644\u0627\u062c\u062a\u0645\u0627\u0639\u064a\u0629.<\/p>\n<\/li>\n<li>\n<p><strong>\u0627\u0644\u062a\u0631\u0643\u064a\u0632 \u0639\u0644\u0649 \u0627\u0644\u0639\u0645\u0644\u0627\u0621:<\/strong> \u0641\u0647\u0645 \u0627\u062d\u062a\u064a\u0627\u062c\u0627\u062a \u0639\u0645\u0644\u0627\u0626\u0646\u0627 \u0648\u0627\u0644\u0639\u0645\u0644 \u0639\u0644\u0649 \u062a\u0642\u062f\u064a\u0645 \u0627\u0644\u0645\u0646\u062a\u062c\u0627\u062a \u0627\u0644\u062a\u064a \u062a\u0644\u0628\u064a \u062a\u0648\u0642\u0639\u0627\u062a\u0647\u0645.<\/p>\n<\/li>\n<li>\n<p><strong>\u0631\u0636\u0627 \u0627\u0644\u0645\u0648\u0638\u0641\u064a\u0646:<\/strong> \u0636\u0645\u0627\u0646 \u0633\u0639\u0627\u062f\u0629 \u0648\u0631\u0636\u0627 \u0645\u0648\u0638\u0641\u064a\u0646\u0627\u060c \u0648\u062e\u0644\u0642 \u0628\u064a\u0626\u0629 \u0639\u0645\u0644 \u0639\u0627\u062f\u0644\u0629 \u0648\u062f\u0627\u0639\u0645\u0629.<\/p>\n<\/li>\n<\/ol>\n\t\t\t\t<img loading=\"lazy\" decoding=\"async\" src=\"https:\/\/zirveicecek.com\/wp-content\/uploads\/2024\/04\/Orange-Juice-Splash-PNG-Photo.png\" alt=\"Orange-Juice-Splash-PNG-Photo\" itemprop=\"image\" height=\"876\" width=\"1000\" title=\"Orange-Juice-Splash-PNG-Photo\" onerror=\"this.style.display='none'\"  \/>\n\t\t\t\t<img loading=\"lazy\" decoding=\"async\" src=\"https:\/\/zirveicecek.com\/wp-content\/uploads\/2024\/04\/logo.svg\" alt=\"logo\" itemprop=\"image\" height=\"231\" width=\"384\" title=\"logo\" onerror=\"this.style.display='none'\"  \/>\n\t\t<link itemprop=\"url\" href=\"https:\/\/zirveicecek.com\"\/>\n\t\t<a itemprop=\"sameAs\" href=\"https:\/\/www.instagram.com\/zirvedrinks\/\" target=\"_self\" title=\"\" aria-label=\"\" role=\"button\" rel=\"noopener\">\n\t\t\t\t\t<\/a>\n\t\t\t\t<a href=\"https:\/\/zirveicecek.com\/ar\/iceceklerimiz\/cudy\/\" target=\"_self\" itemprop=\"url\" rel=\"noopener\">\n\t\t\t\t<img loading=\"lazy\" decoding=\"async\" src=\"https:\/\/zirveicecek.com\/wp-content\/uploads\/2024\/04\/logolar-02.png\" alt=\"logolar-02\" itemprop=\"image\" height=\"1033\" width=\"1182\" title=\"logolar-02\" onerror=\"this.style.display='none'\"  \/>\n\t\t\t\t<\/a>\n\t\t\t\t<a href=\"https:\/\/zirveicecek.com\/ar\/iceceklerimiz\/motivia\/\" target=\"_self\" itemprop=\"url\" rel=\"noopener\">\n\t\t\t\t<img loading=\"lazy\" decoding=\"async\" src=\"https:\/\/zirveicecek.com\/wp-content\/uploads\/2024\/04\/logolar-01.png\" alt=\"logolar-01\" itemprop=\"image\" height=\"1090\" width=\"1182\" title=\"logolar-01\" onerror=\"this.style.display='none'\"  \/>\n\t\t\t\t<\/a>\n\t\t\t\t<a href=\"https:\/\/zirveicecek.com\/ar\/iceceklerimiz\/copico\/\" target=\"_self\" itemprop=\"url\" rel=\"noopener\">\n\t\t\t\t<img loading=\"lazy\" decoding=\"async\" src=\"https:\/\/zirveicecek.com\/wp-content\/uploads\/2024\/04\/logolar-03.png\" alt=\"logolar-03\" itemprop=\"image\" height=\"602\" width=\"1536\" title=\"logolar-03\" onerror=\"this.style.display='none'\"  \/>\n\t\t\t\t<\/a>\n\t<p>\u00a9 Copyright 2024\u00a0<b>\u0633\u0648\u0645\u064a\u062a \u0644\u0644\u0645\u0634\u0631\u0648\u0628\u0627\u062a<\/b><\/p>\n\t<p>\u062a\u0635\u0645\u064a\u0645 \u0627\u0644\u0648\u064a\u0628<a href=\"https:\/\/digitalkure.com\/\" target=\"_blank\" rel=\"noopener\"><b>\u00a0Digital K\u00fcre\u00ae<\/b><\/a><\/p>","protected":false},"excerpt":{"rendered":"<p>hakk\u0131m\u0131zda Zirve \u0130\u00e7ecek G\u0131da Sanayi &hellip;<\/p>\n<p class=\"read-more\"> <a class=\"\" href=\"https:\/\/zirveicecek.com\/ar\/hakkimizda\"> <span class=\"screen-reader-text\">\u0645\u0639\u0644\u0648\u0645\u0627\u062a \u0639\u0646\u0627<\/span> Read More \u00bb<\/a><\/p>","protected":false},"author":5,"featured_media":0,"parent":0,"menu_order":0,"comment_status":"closed","ping_status":"closed","template":"","meta":{"site-sidebar-layout":"no-sidebar","site-content-layout":"page-builder","ast-site-content-layout":"default","site-content-style":"default","site-sidebar-style":"default","ast-global-header-display":"","ast-banner-title-visibility":"","ast-main-header-display":"","ast-hfb-above-header-display":"","ast-hfb-below-header-display":"","ast-hfb-mobile-header-display":"","site-post-title":"disabled","ast-breadcrumbs-content":"","ast-featured-img":"disabled","footer-sml-layout":"","theme-transparent-header-meta":"default","adv-header-id-meta":"","stick-header-meta":"default","header-above-stick-meta":"","header-main-stick-meta":"","header-below-stick-meta":"","astra-migrate-meta-layouts":"set","ast-page-background-enabled":"default","ast-page-background-meta":{"desktop":{"background-color":"var(--ast-global-color-4)","background-image":"","background-repeat":"repeat","background-position":"center center","background-size":"auto","background-attachment":"scroll","background-type":"","background-media":"","overlay-type":"","overlay-color":"","overlay-gradient":""},"tablet":{"background-color":"","background-image":"","background-repeat":"repeat","background-position":"center center","background-size":"auto","background-attachment":"scroll","background-type":"","background-media":"","overlay-type":"","overlay-color":"","overlay-gradient":""},"mobile":{"background-color":"","background-image":"","background-repeat":"repeat","background-position":"center center","background-size":"auto","background-attachment":"scroll","background-type":"","background-media":"","overlay-type":"","overlay-color":"","overlay-gradient":""}},"ast-content-background-meta":{"desktop":{"background-color":"var(--ast-global-color-5)","background-image":"","background-repeat":"repeat","background-position":"center center","background-size":"auto","background-attachment":"scroll","background-type":"","background-media":"","overlay-type":"","overlay-color":"","overlay-gradient":""},"tablet":{"background-color":"var(--ast-global-color-5)","background-image":"","background-repeat":"repeat","background-position":"center center","background-size":"auto","background-attachment":"scroll","background-type":"","background-media":"","overlay-type":"","overlay-color":"","overlay-gradient":""},"mobile":{"background-color":"var(--ast-global-color-5)","background-image":"","background-repeat":"repeat","background-position":"center center","background-size":"auto","background-attachment":"scroll","background-type":"","background-media":"","overlay-type":"","overlay-color":"","overlay-gradient":""}},"footnotes":""},"class_list":["post-569","page","type-page","status-publish","hentry"],"acf":[],"_links":{"self":[{"href":"https:\/\/zirveicecek.com\/ar\/wp-json\/wp\/v2\/pages\/569","targetHints":{"allow":["GET"]}}],"collection":[{"href":"https:\/\/zirveicecek.com\/ar\/wp-json\/wp\/v2\/pages"}],"about":[{"href":"https:\/\/zirveicecek.com\/ar\/wp-json\/wp\/v2\/types\/page"}],"author":[{"embeddable":true,"href":"https:\/\/zirveicecek.com\/ar\/wp-json\/wp\/v2\/users\/5"}],"replies":[{"embeddable":true,"href":"https:\/\/zirveicecek.com\/ar\/wp-json\/wp\/v2\/comments?post=569"}],"version-history":[{"count":15,"href":"https:\/\/zirveicecek.com\/ar\/wp-json\/wp\/v2\/pages\/569\/revisions"}],"predecessor-version":[{"id":1357,"href":"https:\/\/zirveicecek.com\/ar\/wp-json\/wp\/v2\/pages\/569\/revisions\/1357"}],"wp:attachment":[{"href":"https:\/\/zirveicecek.com\/ar\/wp-json\/wp\/v2\/media?parent=569"}],"curies":[{"name":"wp","href":"https:\/\/api.w.org\/{rel}","templated":true}]}}