{"id":15,"date":"2023-12-27T14:12:53","date_gmt":"2023-12-27T14:12:53","guid":{"rendered":"https:\/\/zirveicecek.com\/?page_id=15"},"modified":"2024-11-05T17:44:42","modified_gmt":"2024-11-05T14:44:42","slug":"anasayfa","status":"publish","type":"page","link":"https:\/\/zirveicecek.com\/ar\/","title":{"rendered":"\u0627\u0644\u0635\u0641\u062d\u0629 \u0627\u0644\u0631\u0626\u064a\u0633\u064a\u0629"},"content":{"rendered":"<img loading=\"lazy\" decoding=\"async\" src=\"https:\/\/zirveicecek.com\/wp-content\/uploads\/2024\/06\/Adsiz-tasarim-4.png\" alt=\"dogal\" itemprop=\"image\" height=\"372\" width=\"954\" title=\"dogal\" onerror=\"this.style.display='none'\"  \/>\n\t<p>An\u0131lar\u0131n\u0131za, keyif dolu bir mola kat\u0131n! Sizleri Copico, Cudy ve Movita gibi markalar\u0131n e\u015fsiz i\u00e7ecekleriyle tan\u0131\u015fmaya davet ediyoruz. Her bir yudum, i\u00e7indeki taptaze meyve lezzetleriyle sizi kendinize getirirken, hayat\u0131n\u0131za enerji ve ferahl\u0131k kat\u0131yor. Do\u011fan\u0131n en saf ve lezzetli nimetleriyle \u00fcretilen bu i\u00e7ecekler, g\u00fcnl\u00fck ya\u015fam\u0131n karma\u015fas\u0131ndan uzakla\u015fman\u0131z\u0131 sa\u011flar. \u015eimdi, sadece bir bardakla tatl\u0131 bir ka\u00e7amak yap\u0131n ve kendinizi do\u011fan\u0131n kollar\u0131na b\u0131rak\u0131n. \u0130\u00e7eceklerimizle tad\u0131n\u0131 \u00e7\u0131karaca\u011f\u0131n\u0131z bir mola i\u00e7in sizi bekliyoruz!<\/p>\n\t\t\t\t<img loading=\"lazy\" decoding=\"async\" src=\"https:\/\/zirveicecek.com\/wp-content\/uploads\/2024\/06\/ARAPCA.png\" alt=\"Ads\u0131z tasar\u0131m (5)\" itemprop=\"image\" height=\"100\" width=\"100\" title=\"Ads\u0131z tasar\u0131m (5)\" onerror=\"this.style.display='none'\"  \/>\n\t<p><div style=\"color:#0a0200 !important\">  \u0623\u0636\u0641 \u0627\u0633\u062a\u0631\u0627\u062d\u0629 \u0645\u0628\u0647\u062c\u0629 \u0625\u0644\u0649 \u0630\u0643\u0631\u064a\u0627\u062a\u0643! \u0646\u062f\u0639\u0648\u0643 \u0644\u0644\u062a\u0639\u0631\u0641 \u0639\u0644\u0649 \u0645\u0634\u0631\u0648\u0628\u0627\u062a \u0627\u0644\u0639\u0644\u0627\u0645\u0627\u062a \u0627\u0644\u062a\u062c\u0627\u0631\u064a\u0629 \u0645\u062b\u0644 \u0643\u0648\u0628\u0643\u0648\u060c \u0643\u0648\u062f\u064a\u060c \u0648\u0645\u0648\u062a\u064a\u0641\u064a\u0627. \u0643\u0644 \u0631\u0634\u0641\u0629 \u0628\u0646\u0643\u0647\u0629 \u0627\u0644\u0641\u0648\u0627\u0643\u0647 \u0627\u0644\u0637\u0627\u0632\u062c\u0629 \u0633\u062a\u0646\u0639\u0634\u0643\u060c \u0645\u0636\u064a\u0641\u0629 \u0627\u0644\u0637\u0627\u0642\u0629 \u0648\u0627\u0644\u0627\u0646\u062a\u0639\u0627\u0634 \u0625\u0644\u0649 \u062d\u064a\u0627\u062a\u0643. \u0645\u0635\u0646\u0648\u0639\u0629 \u0645\u0646 \u0623\u0646\u0642\u0649 \u0648\u0623\u0644\u0630 \u0647\u062f\u0627\u064a\u0627 \u0627\u0644\u0637\u0628\u064a\u0639\u0629\u060c \u062a\u0633\u0627\u0639\u062f\u0643 \u0647\u0630\u0647 \u0627\u0644\u0645\u0634\u0631\u0648\u0628\u0627\u062a \u0639\u0644\u0649 \u0627\u0644\u0647\u0631\u0648\u0628 \u0645\u0646 \u0635\u062e\u0628 \u0627\u0644\u062d\u064a\u0627\u0629 \u0627\u0644\u064a\u0648\u0645\u064a\u0629. \u0627\u0644\u0622\u0646\u060c \u062e\u0630 \u0642\u0633\u0637\u0627\u064b \u0645\u0646 \u0627\u0644\u0631\u0627\u062d\u0629 \u0627\u0644\u062d\u0644\u0648\u0629 \u0645\u0639 \u0643\u0648\u0628 \u0648\u0627\u062d\u062f \u0641\u0642\u0637 \u0648\u062f\u0639 \u0627\u0644\u0637\u0628\u064a\u0639\u0629 \u062a\u062d\u062a\u0636\u0646\u0643. \u0646\u062d\u0646 \u0641\u064a \u0627\u0646\u062a\u0638\u0627\u0631\u0643 \u0644\u062a\u0633\u062a\u0645\u062a\u0639 \u0628\u0627\u0633\u062a\u0631\u0627\u062d\u0629 \u0645\u0646\u0639\u0634\u0629 \u0645\u0639 \u0645\u0634\u0631\u0648\u0628\u0627\u062a\u0646\u0627!<\/div><\/p>\n\t\t\t\t<img loading=\"lazy\" decoding=\"async\" src=\"https:\/\/zirveicecek.com\/wp-content\/uploads\/2024\/06\/Adsiz-tasarim-5.png\" alt=\"cudy\" itemprop=\"image\" height=\"429\" width=\"490\" title=\"cudy\" onerror=\"this.style.display='none'\"  \/>\n\t<p><strong><div style=\"color: transparent\">.<\/div><\/strong> markas\u0131n\u0131n enfes i\u00e7ecekleriyle tropikal bir lezzet yolculu\u011funa \u00e7\u0131k\u0131n! Ananas, kiraz, kokteyl, mango, portakal ve \u015feftali gibi \u00e7e\u015fitli aromalarla zenginle\u015ftirilmi\u015f Cudy i\u00e7ecekleri, ferahlat\u0131c\u0131 ve doyurucu bir deneyim sunar. Her biri \u00f6zenle se\u00e7ilmi\u015f ve do\u011fal tatlarla bulu\u015fturulmu\u015f olan Cudy i\u00e7ecekleri, keyifli bir i\u00e7ecek deneyimi i\u00e7in idealdir. \u015eimdi Cudy&#8217;nin lezzet dolu d\u00fcnyas\u0131n\u0131 ke\u015ffedin!<\/p>\n\t\t\t\t<img loading=\"lazy\" decoding=\"async\" src=\"https:\/\/zirveicecek.com\/wp-content\/uploads\/2024\/04\/logolar-02.png\" alt=\"cudy\" itemprop=\"image\" height=\"100\" width=\"100\" title=\"cudy\" onerror=\"this.style.display='none'\"  \/>\n\t<p><div style=\"color:#fff !important\"> \u0627\u0646\u0637\u0644\u0642 \u0641\u064a \u0631\u062d\u0644\u0629 \u0646\u0643\u0647\u0627\u062a \u0627\u0633\u062a\u0648\u0627\u0626\u064a\u0629 \u0645\u0639 \u0627\u0644\u0645\u0634\u0631\u0648\u0628\u0627\u062a \u0627\u0644\u0631\u0627\u0626\u0639\u0629 \u0645\u0646 \u0639\u0644\u0627\u0645\u0629 \u0643\u0648\u062f\u064a! \u0645\u0634\u0631\u0648\u0628\u0627\u062a \u0643\u0648\u062f\u064a \u063a\u0646\u064a\u0629 \u0628\u062a\u0646\u0648\u0639 \u0627\u0644\u0646\u0643\u0647\u0627\u062a \u0645\u062b\u0644 \u0627\u0644\u0623\u0646\u0627\u0646\u0627\u0633\u060c \u0627\u0644\u0643\u0631\u0632\u060c \u0627\u0644\u0643\u0648\u0643\u062a\u064a\u0644\u060c \u0627\u0644\u0645\u0627\u0646\u062c\u0648\u060c \u0627\u0644\u0628\u0631\u062a\u0642\u0627\u0644\u060c \u0648\u0627\u0644\u062e\u0648\u062e\u060c \u0648\u062a\u0642\u062f\u0645 \u062a\u062c\u0631\u0628\u0629 \u0645\u0646\u0639\u0634\u0629 \u0648\u0645\u0631\u0636\u064a\u0629. \u0643\u0644 \u0645\u0634\u0631\u0648\u0628 \u0645\u0646 \u0643\u0648\u062f\u064a \u064a\u062a\u0645 \u0627\u062e\u062a\u064a\u0627\u0631\u0647 \u0628\u0639\u0646\u0627\u064a\u0629 \u0648\u0645\u0632\u062c\u0647 \u0628\u0627\u0644\u0646\u0643\u0647\u0627\u062a \u0627\u0644\u0637\u0628\u064a\u0639\u064a\u0629\u060c \u0645\u0645\u0627 \u064a\u062c\u0639\u0644\u0647 \u0645\u062b\u0627\u0644\u064a\u0627\u064b \u0644\u062a\u062c\u0631\u0628\u0629 \u0634\u0631\u0628 \u0645\u0645\u062a\u0639\u0629. \u0627\u0643\u062a\u0634\u0641 \u0639\u0627\u0644\u0645 \u0627\u0644\u0646\u0643\u0647\u0627\u062a \u0627\u0644\u0645\u0644\u064a\u0621 \u0645\u0646 \u0643\u0648\u062f\u064a \u0627\u0644\u0622\u0646! <\/div><\/p>\n\t\t\t\t<img loading=\"lazy\" decoding=\"async\" src=\"https:\/\/zirveicecek.com\/wp-content\/uploads\/2024\/06\/movito.png\" alt=\"logolar-01anasayfa\" itemprop=\"image\" height=\"1090\" width=\"1182\" title=\"logolar-01anasayfa\" onerror=\"this.style.display='none'\"  \/>\n\t<p><strong><div style=\"color: transparent\">.<\/div><\/strong>, do\u011fan\u0131n tazeli\u011fini ve lezzetini i\u00e7eceklere ta\u015f\u0131yan bir markad\u0131r. Ananas\u0131n tropikal ferahl\u0131\u011f\u0131n\u0131, portakal\u0131n enerjisini, \u015feftalinin tatl\u0131l\u0131\u011f\u0131n\u0131 ve vi\u015fnenin canl\u0131l\u0131\u011f\u0131n\u0131 bir araya getiren Motivia i\u00e7ecekleri, do\u011fal aromal\u0131 meyve suyuyla %100 saf bir keyif sunar. \u015eeker ilavesinden uzak, sadece do\u011fal tatland\u0131r\u0131c\u0131 ile zenginle\u015ftirilmi\u015flerdir. Motivia ile i\u00e7ti\u011finiz her yudum, tazelik ve lezzetin m\u00fckemmel bir kar\u0131\u015f\u0131m\u0131n\u0131 sunar, ferahlat\u0131c\u0131 ve keyif dolu bir deneyim ya\u015faman\u0131z\u0131 sa\u011flar!<\/p>\n\t\t\t\t<img loading=\"lazy\" decoding=\"async\" src=\"https:\/\/zirveicecek.com\/wp-content\/uploads\/2024\/04\/logolar-01.png\" alt=\"movito\" itemprop=\"image\" height=\"100\" width=\"100\" title=\"movito\" onerror=\"this.style.display='none'\"  \/>\n\t<p><div style=\"color:#fff !important\"> \u0645\u0648\u062a\u064a\u0641\u064a\u0627 \u0647\u064a \u0639\u0644\u0627\u0645\u0629 \u062a\u062c\u0627\u0631\u064a\u0629 \u062a\u062c\u0644\u0628 \u0646\u0636\u0627\u0631\u0629 \u0648\u0646\u0643\u0647\u0627\u062a \u0627\u0644\u0637\u0628\u064a\u0639\u0629 \u0625\u0644\u0649 \u0627\u0644\u0645\u0634\u0631\u0648\u0628\u0627\u062a. \u062a\u062c\u0645\u0639 \u0628\u064a\u0646 \u0646\u0636\u0627\u0631\u0629 \u0627\u0644\u0623\u0646\u0627\u0646\u0627\u0633 \u0627\u0644\u0627\u0633\u062a\u0648\u0627\u0626\u064a\u0629\u060c \u0648\u0637\u0627\u0642\u0629 \u0627\u0644\u0628\u0631\u062a\u0642\u0627\u0644\u060c \u0648\u062d\u0644\u0627\u0648\u0629 \u0627\u0644\u062e\u0648\u062e\u060c \u0648\u062d\u064a\u0648\u064a\u0629 \u0627\u0644\u0643\u0631\u0632\u060c \u0648\u062a\u0642\u062f\u0645 \u0645\u0634\u0631\u0648\u0628\u0627\u062a \u0645\u0648\u062a\u064a\u0641\u064a\u0627 100\u066a \u0645\u062a\u0639\u0629 \u062e\u0627\u0644\u0635\u0629 \u0645\u0639 \u0639\u0635\u064a\u0631 \u0627\u0644\u0641\u0648\u0627\u0643\u0647 \u0627\u0644\u0637\u0628\u064a\u0639\u064a. \u062e\u0627\u0644\u064a\u0629 \u0645\u0646 \u0627\u0644\u0633\u0643\u0631 \u0627\u0644\u0645\u0636\u0627\u0641\u060c \u063a\u0646\u064a\u0629 \u0641\u0642\u0637 \u0628\u0645\u064f\u062d\u0644\u064a \u0627\u0644\u062a\u0641\u0627\u062d \u0627\u0644\u0637\u0628\u064a\u0639\u064a. \u0643\u0644 \u0631\u0634\u0641\u0629 \u0645\u0646 \u0645\u0648\u062a\u064a\u0641\u064a\u0627 \u062a\u0642\u062f\u0645 \u0645\u0632\u064a\u062c\u0627\u064b \u0645\u062b\u0627\u0644\u064a\u0627\u064b \u0645\u0646 \u0627\u0644\u0646\u0636\u0627\u0631\u0629 \u0648\u0627\u0644\u0646\u0643\u0647\u0629\u060c \u0645\u0645\u0627 \u064a\u0636\u0645\u0646 \u062a\u062c\u0631\u0628\u0629 \u0645\u0646\u0639\u0634\u0629 \u0648\u0645\u0645\u062a\u0639\u0629! <\/div><\/p>\n\t\t\t\t<img loading=\"lazy\" decoding=\"async\" src=\"https:\/\/zirveicecek.com\/wp-content\/uploads\/2024\/06\/Adsiz-tasarim-5.png\" alt=\"copico\" itemprop=\"image\" height=\"311\" width=\"794\" title=\"copico\" onerror=\"this.style.display='none'\"  \/>\n\t<p><strong><div style=\"color: transparent\">.<\/div><\/strong>, do\u011fal aromal\u0131 ve katk\u0131s\u0131z \u00a0i\u00e7eceklerin adresidir. Ananas, portakal, \u015feftali ve vi\u015fne gibi lezzetli meyvelerin aromas\u0131n\u0131n harman\u0131n\u0131 i\u00e7eren Copico i\u00e7ecekleri, %100 meyve aromas\u0131yla haz\u0131rlan\u0131r. \u015eeker ilavesi olmadan, sadece do\u011fal tatland\u0131r\u0131c\u0131 ile zenginle\u015ftirilirler. Copico ile ferahlat\u0131c\u0131 ve lezzet dolu bir i\u00e7ecek deneyimi ya\u015fay\u0131n!<\/p>\n\t\t\t\t<img loading=\"lazy\" decoding=\"async\" src=\"https:\/\/zirveicecek.com\/wp-content\/uploads\/2024\/04\/logolar-03.png\" alt=\"copico\" itemprop=\"image\" height=\"100\" width=\"100\" title=\"copico\" onerror=\"this.style.display='none'\"  \/>\n\t<p><div style=\"color:#fff !important\"> \u0643\u0648\u0628\u0643\u0648 \u0647\u0648 \u0627\u0644\u0639\u0646\u0648\u0627\u0646 \u0644\u0644\u0645\u0634\u0631\u0648\u0628\u0627\u062a \u0627\u0644\u0641\u0627\u0643\u0647\u064a\u0629 \u0627\u0644\u0637\u0628\u064a\u0639\u064a\u0629 \u0648\u0627\u0644\u062e\u0627\u0644\u064a\u0629 \u0645\u0646 \u0627\u0644\u0625\u0636\u0627\u0641\u0627\u062a. \u062a\u062d\u062a\u0648\u064a \u0639\u0644\u0649 \u0645\u0632\u064a\u062c \u0645\u0646 \u0627\u0644\u0641\u0648\u0627\u0643\u0647 \u0627\u0644\u0644\u0630\u064a\u0630\u0629 \u0645\u062b\u0644 \u0627\u0644\u0623\u0646\u0627\u0646\u0627\u0633\u060c \u0627\u0644\u0628\u0631\u062a\u0642\u0627\u0644\u060c \u0627\u0644\u062e\u0648\u062e\u060c \u0648\u0627\u0644\u0643\u0631\u0632\u060c \u0648\u062a\u064f\u062d\u0636\u0651\u064e\u0631 \u0645\u0634\u0631\u0648\u0628\u0627\u062a \u0643\u0648\u0628\u0643\u0648 \u0645\u0646 \u0639\u0635\u064a\u0631 \u0627\u0644\u0641\u0627\u0643\u0647\u0629 \u0627\u0644\u0637\u0628\u064a\u0639\u064a \u0628\u0646\u0633\u0628\u0629 100\u066a. \u063a\u0646\u064a\u0629 \u0628\u0645\u064f\u062d\u0644\u064a \u0627\u0644\u062a\u0641\u0627\u062d \u0627\u0644\u0637\u0628\u064a\u0639\u064a \u062f\u0648\u0646 \u0623\u064a \u0633\u0643\u0631 \u0645\u0636\u0627\u0641. \u0627\u062e\u062a\u0628\u0631 \u0645\u0634\u0631\u0648\u0628\u0627\u064b \u0645\u0646\u0639\u0634\u0627\u064b \u0648\u0644\u0630\u064a\u0630\u0627\u064b \u0645\u0639 \u0643\u0648\u0628\u0643\u0648! <\/div><\/p>\n\t\t\t\t<a href=\"https:\/\/zirveicecek.com\/ar\/e-katalog\/\" target=\"_self\" itemprop=\"url\" rel=\"noopener\">\n\t\t\t\t<img decoding=\"async\" src=\"https:\/\/zirveicecek.com\/wp-content\/plugins\/bb-plugin\/img\/pixel.png\" alt=\"\" itemprop=\"image\" onerror=\"this.style.display='none'\"  \/>\n\t\t\t\t<\/a>\n\t\t\t\t<a href=\"https:\/\/zirveicecek.com\/ar\/e-katalog\/\" target=\"_self\" itemprop=\"url\" rel=\"noopener\">\n\t\t\t\t<img decoding=\"async\" src=\"https:\/\/zirveicecek.com\/wp-content\/plugins\/bb-plugin\/img\/pixel.png\" alt=\"\" itemprop=\"image\" onerror=\"this.style.display='none'\"  \/>\n\t\t\t\t<\/a>\n\t\t\t\t<img loading=\"lazy\" decoding=\"async\" src=\"https:\/\/zirveicecek.com\/wp-content\/uploads\/2024\/04\/logo.svg\" alt=\"logo\" itemprop=\"image\" height=\"231\" width=\"384\" title=\"logo\" onerror=\"this.style.display='none'\"  \/>\n\t\t<link itemprop=\"url\" href=\"https:\/\/zirveicecek.com\"\/>\n\t\t<a itemprop=\"sameAs\" href=\"https:\/\/www.instagram.com\/zirvedrinks\/\" target=\"_self\" title=\"\" aria-label=\"\" role=\"button\" rel=\"noopener\">\n\t\t\t\t\t<\/a>\n\t\t\t\t<a href=\"https:\/\/zirveicecek.com\/ar\/iceceklerimiz\/cudy\/\" target=\"_self\" itemprop=\"url\" rel=\"noopener\">\n\t\t\t\t<img loading=\"lazy\" decoding=\"async\" src=\"https:\/\/zirveicecek.com\/wp-content\/uploads\/2024\/04\/logolar-02.png\" alt=\"logolar-02\" itemprop=\"image\" height=\"1033\" width=\"1182\" title=\"logolar-02\" onerror=\"this.style.display='none'\"  \/>\n\t\t\t\t<\/a>\n\t\t\t\t<a href=\"https:\/\/zirveicecek.com\/ar\/iceceklerimiz\/motivia\/\" target=\"_self\" itemprop=\"url\" rel=\"noopener\">\n\t\t\t\t<img loading=\"lazy\" decoding=\"async\" src=\"https:\/\/zirveicecek.com\/wp-content\/uploads\/2024\/04\/logolar-01.png\" alt=\"logolar-01\" itemprop=\"image\" height=\"1090\" width=\"1182\" title=\"logolar-01\" onerror=\"this.style.display='none'\"  \/>\n\t\t\t\t<\/a>\n\t\t\t\t<a href=\"https:\/\/zirveicecek.com\/ar\/iceceklerimiz\/copico\/\" target=\"_self\" itemprop=\"url\" rel=\"noopener\">\n\t\t\t\t<img loading=\"lazy\" decoding=\"async\" src=\"https:\/\/zirveicecek.com\/wp-content\/uploads\/2024\/04\/logolar-03.png\" alt=\"logolar-03\" itemprop=\"image\" height=\"602\" width=\"1536\" title=\"logolar-03\" onerror=\"this.style.display='none'\"  \/>\n\t\t\t\t<\/a>\n\t<p>\u00a9 Copyright 2024\u00a0<b>\u0633\u0648\u0645\u064a\u062a \u0644\u0644\u0645\u0634\u0631\u0648\u0628\u0627\u062a<\/b><\/p>\n\t<p>\u062a\u0635\u0645\u064a\u0645 \u0627\u0644\u0648\u064a\u0628<a href=\"https:\/\/digitalkure.com\/\" target=\"_blank\" rel=\"noopener\"><b>\u00a0Digital K\u00fcre\u00ae<\/b><\/a><\/p>","protected":false},"excerpt":{"rendered":"<p>An\u0131lar\u0131n\u0131za, keyif dolu bir mola &hellip;<\/p>\n<p class=\"read-more\"> <a class=\"\" href=\"https:\/\/zirveicecek.com\/ar\/\"> <span class=\"screen-reader-text\">\u0627\u0644\u0635\u0641\u062d\u0629 \u0627\u0644\u0631\u0626\u064a\u0633\u064a\u0629<\/span> Read More \u00bb<\/a><\/p>","protected":false},"author":1,"featured_media":0,"parent":0,"menu_order":0,"comment_status":"closed","ping_status":"closed","template":"","meta":{"site-sidebar-layout":"no-sidebar","site-content-layout":"page-builder","ast-site-content-layout":"full-width-container","site-content-style":"boxed","site-sidebar-style":"default","ast-global-header-display":"","ast-banner-title-visibility":"","ast-main-header-display":"","ast-hfb-above-header-display":"","ast-hfb-below-header-display":"","ast-hfb-mobile-header-display":"","site-post-title":"disabled","ast-breadcrumbs-content":"","ast-featured-img":"disabled","footer-sml-layout":"","theme-transparent-header-meta":"default","adv-header-id-meta":"","stick-header-meta":"","header-above-stick-meta":"","header-main-stick-meta":"","header-below-stick-meta":"","astra-migrate-meta-layouts":"set","ast-page-background-enabled":"default","ast-page-background-meta":{"desktop":{"background-color":"var(--ast-global-color-4)","background-image":"","background-repeat":"repeat","background-position":"center center","background-size":"auto","background-attachment":"scroll","background-type":"","background-media":"","overlay-type":"","overlay-color":"","overlay-gradient":""},"tablet":{"background-color":"","background-image":"","background-repeat":"repeat","background-position":"center center","background-size":"auto","background-attachment":"scroll","background-type":"","background-media":"","overlay-type":"","overlay-color":"","overlay-gradient":""},"mobile":{"background-color":"","background-image":"","background-repeat":"repeat","background-position":"center center","background-size":"auto","background-attachment":"scroll","background-type":"","background-media":"","overlay-type":"","overlay-color":"","overlay-gradient":""}},"ast-content-background-meta":{"desktop":{"background-color":"var(--ast-global-color-5)","background-image":"","background-repeat":"repeat","background-position":"center center","background-size":"auto","background-attachment":"scroll","background-type":"","background-media":"","overlay-type":"","overlay-color":"","overlay-gradient":""},"tablet":{"background-color":"var(--ast-global-color-5)","background-image":"","background-repeat":"repeat","background-position":"center center","background-size":"auto","background-attachment":"scroll","background-type":"","background-media":"","overlay-type":"","overlay-color":"","overlay-gradient":""},"mobile":{"background-color":"var(--ast-global-color-5)","background-image":"","background-repeat":"repeat","background-position":"center center","background-size":"auto","background-attachment":"scroll","background-type":"","background-media":"","overlay-type":"","overlay-color":"","overlay-gradient":""}},"footnotes":""},"class_list":["post-15","page","type-page","status-publish","hentry"],"acf":[],"_links":{"self":[{"href":"https:\/\/zirveicecek.com\/ar\/wp-json\/wp\/v2\/pages\/15","targetHints":{"allow":["GET"]}}],"collection":[{"href":"https:\/\/zirveicecek.com\/ar\/wp-json\/wp\/v2\/pages"}],"about":[{"href":"https:\/\/zirveicecek.com\/ar\/wp-json\/wp\/v2\/types\/page"}],"author":[{"embeddable":true,"href":"https:\/\/zirveicecek.com\/ar\/wp-json\/wp\/v2\/users\/1"}],"replies":[{"embeddable":true,"href":"https:\/\/zirveicecek.com\/ar\/wp-json\/wp\/v2\/comments?post=15"}],"version-history":[{"count":181,"href":"https:\/\/zirveicecek.com\/ar\/wp-json\/wp\/v2\/pages\/15\/revisions"}],"predecessor-version":[{"id":1421,"href":"https:\/\/zirveicecek.com\/ar\/wp-json\/wp\/v2\/pages\/15\/revisions\/1421"}],"wp:attachment":[{"href":"https:\/\/zirveicecek.com\/ar\/wp-json\/wp\/v2\/media?parent=15"}],"curies":[{"name":"wp","href":"https:\/\/api.w.org\/{rel}","templated":true}]}}